{"id":6,"date":"2015-01-20T00:39:24","date_gmt":"2015-01-20T00:39:24","guid":{"rendered":"http:\/\/pexetothemes.com\/demos\/story_demos\/business\/?page_id=5"},"modified":"2019-03-13T12:43:03","modified_gmt":"2019-03-13T12:43:03","slug":"hem","status":"publish","type":"page","link":"https:\/\/nordicpanel.com\/sverige\/","title":{"rendered":"Hem"},"content":{"rendered":"<div class=\"section-full-width section-light2\" style=\"background-color:#f7f7f7;\" id=\"3-stegsprocess\"><div class=\"section-boxed\" style=\"color:#777777;\"><h2 class=\"section-title\" style=\"color:#252525;\">3-STEGSPROCESS<\/h2><\/p>\n<h5 style=\"text-align: center;\"><\/h5>\n<h5><\/h5>\n<div class=\"services-wrapper services-icon cols-wrapper cols-3 pexeto-parallax\"><div class=\"services-box col\"><div class=\"img-container\"><img decoding=\"async\" src=\"http:\/\/nordicpanel.com\/sverige\/wp-content\/uploads\/2017\/03\/register-130x130.png\" alt=\"Registrering\"\/><\/div><div class=\"services-content\"><div class=\"sc-wraper\"><h3>Registrering<\/h3><p>F\u00f6r att bli medlem i Nordic Panel fyller du i registreringsformul\u00e4ret som du hittar genom att klicka p\u00e5 registreringsknappen p\u00e5 toppen eller botten av denna sida. Ditt medlemskap \u00e4r b\u00e5de frivilligt och gratis, och vanligtvis tar en unders\u00f6kning mellan 5 och 10 minuter.<\/p><\/div><\/div><\/div><div class=\"services-box col\"><div class=\"img-container\"><img decoding=\"async\" src=\"http:\/\/nordicpanel.com\/sverige\/wp-content\/uploads\/2017\/03\/survey-130x130.png\" alt=\"Unders\u00f6kningar\"\/><\/div><div class=\"services-content\"><div class=\"sc-wraper\"><h3>Unders\u00f6kningar<\/h3><p>Som medlem i Nordic Panel bjuder vi in dig till olika unders\u00f6kningar fr\u00e5n oss samt fr\u00e5n externa akt\u00f6rer. Unders\u00f6kningarna varierar och ber\u00f6r \u00e4mnen s\u00e5som annonsering, dina medievanor och underh\u00e5llning generellt.<\/p><\/div><\/div><\/div><div class=\"services-box col nomargin\"><div class=\"img-container\"><img decoding=\"async\" src=\"http:\/\/nordicpanel.com\/sverige\/wp-content\/uploads\/2017\/03\/reward-130x130.png\" alt=\"F\u00e5 bel\u00f6ning\"\/><\/div><div class=\"services-content\"><div class=\"sc-wraper\"><h3>F\u00e5 bel\u00f6ning<\/h3><p>Som tack f\u00f6r ditt deltagande blir du ersatt med incentives. Ers\u00e4ttningen varierar beroende p\u00e5 unders\u00f6kningens l\u00e4ngd och sv\u00e5righetsgrad.<\/p><\/div><\/div><\/div><div class=\"clear\"><\/div><\/div>\n<p>\n<\/div><\/div>\n<div class=\"section-full-width section-dark parallax-fixed\" style=\"background-color:#252525;\" id=\"nordic-panel\"><div style=\"background-image:url(https:\/\/nordicpanel.com\/sverige\/wp-content\/uploads\/2017\/03\/banner-3.jpg); opacity:0.5; filter: alpha(opacity=50);\" class=\"full-bg-image\" ><\/div><div class=\"section-boxed\" style=\"color:#ffffff;\"><h2 class=\"section-title\" style=\"color:#ffffff;\">nordic-panel<\/h2><p>&nbsp;<\/p>\n<p><center><br \/>\n<!-- \n\n\n\n<div class=\"iframesetting\"><iframe loading=\"lazy\" id=\"regFrame\" src=\"https:\/\/www.cint.com\/registration\/Template07.aspx?GUID=0533f5cf-e288-4833-95b6-92af055fa4c8\" name=\"registration\" width=\"100%\" height=\"500\" frameborder=\"0\" scrolling=\"no\" data-mce-fragment=\"1\"><\/iframe><\/div>\n\n\n\n --><\/p>\n<section id=\"cint_portal\">\n    <noscript>Please enable JavaScript to view the panelist portal<\/noscript><br \/>\n<\/section>\n<p><script>\n    function cint_config() {\n        this.panelGuid = \"0533f5cf-e288-4833-95b6-92af055fa4c8\";\n    };\n<\/script><br \/>\n<script src=\"https:\/\/panelist.cint.com\/assets\/embed.min.js\"><\/script><br \/>\n&nbsp;<\/p>\n<p><\/center><\/p>\n<\/div><\/div>\n","protected":false},"excerpt":{"rendered":"","protected":false},"author":1,"featured_media":410,"parent":0,"menu_order":0,"comment_status":"open","ping_status":"open","template":"template-full-custom.php","meta":{"footnotes":""},"class_list":["post-6","page","type-page","status-publish","has-post-thumbnail","hentry"],"_links":{"self":[{"href":"https:\/\/nordicpanel.com\/sverige\/wp-json\/wp\/v2\/pages\/6"}],"collection":[{"href":"https:\/\/nordicpanel.com\/sverige\/wp-json\/wp\/v2\/pages"}],"about":[{"href":"https:\/\/nordicpanel.com\/sverige\/wp-json\/wp\/v2\/types\/page"}],"author":[{"embeddable":true,"href":"https:\/\/nordicpanel.com\/sverige\/wp-json\/wp\/v2\/users\/1"}],"replies":[{"embeddable":true,"href":"https:\/\/nordicpanel.com\/sverige\/wp-json\/wp\/v2\/comments?post=6"}],"version-history":[{"count":0,"href":"https:\/\/nordicpanel.com\/sverige\/wp-json\/wp\/v2\/pages\/6\/revisions"}],"wp:featuredmedia":[{"embeddable":true,"href":"https:\/\/nordicpanel.com\/sverige\/wp-json\/wp\/v2\/media\/410"}],"wp:attachment":[{"href":"https:\/\/nordicpanel.com\/sverige\/wp-json\/wp\/v2\/media?parent=6"}],"curies":[{"name":"wp","href":"https:\/\/api.w.org\/{rel}","templated":true}]}}