{"id":438,"date":"2018-05-22T04:57:58","date_gmt":"2018-05-22T04:57:58","guid":{"rendered":"http:\/\/nordicpanel.com\/sverige\/?page_id=438"},"modified":"2018-05-22T05:24:13","modified_gmt":"2018-05-22T05:24:13","slug":"din-data","status":"publish","type":"page","link":"https:\/\/nordicpanel.com\/sverige\/din-data\/","title":{"rendered":"DIN DATA"},"content":{"rendered":"<h2 class=\"page-heading\">DIN DATA<\/h2>\n<p>Tack f\u00f6r att du vill vara med i Nordic Panel! Du kommer genom ditt medlemskap i panelen f\u00e5 m\u00f6jlighet att vara med och p\u00e5verka viktiga beslut f\u00f6r oss p\u00e5 Nepa men ocks\u00e5 f\u00f6r m\u00e5nga andra f\u00f6retag. Som medlem i Nordic Panel f\u00f6rbinder du dig inte till n\u00e5got utan det \u00e4r frivilligt att vara med och hj\u00e4lpa oss och andra att bli b\u00e4ttre \u2013 det \u00e4r vi v\u00e4ldigt tacksamma f\u00f6r att du vill g\u00f6ra. V\u00e4lkommen till Nordic Panel!<\/p>\n<p>Vill vi g\u00f6ra dig uppm\u00e4rksam p\u00e5 vilka typer av data vi och andra f\u00f6retag har m\u00f6jlighet att samla in om dig. Beroende p\u00e5 vad du v\u00e4ljer att till\u00e5ta har vi m\u00f6jlighet att samla in tv\u00e5 olika typer av data om dig:<br \/>\n<b><br \/>\n1. PANELPROFILSDATA<br \/>\n2. UNDERS\u00d6KNINGSDATA<\/b><\/p>\n<p>Nedan f\u00f6ljer beskrivningar om dessa datatyper.<\/p>\n<p><b>1. PANELPROFILSDATA<\/b><\/p>\n<p>Panelprofilsdata anv\u00e4nds f\u00f6r att administrera Nordic Panel samt skicka inbjudningar till unders\u00f6kningar. Nepa kan \u00e4ven via Personuppgiftsbitr\u00e4de behandla panelprofilsdata i syfte att erbjuda andra f\u00f6retag m\u00f6jligheten att bjuda in till unders\u00f6kningar. Vid dessa tillf\u00e4llen l\u00e4mnas ingen panelprofilsdata ut som g\u00f6r att enskilda personer kan identifieras av andra f\u00f6retag.<\/p>\n<p><strong>Behandling av din panelprofilsdata &#8211; Panel\u00e4garens integritetspolicy<\/strong><br \/>\nN\u00e4r du skapar ett konto i Nordic Panel ing\u00e5r du ett avtal med Nepa. Det \u00e4r allts\u00e5 vi som \u00e4r personuppgiftsansvariga f\u00f6r din panelprofilsdata och d\u00e4rf\u00f6r vill vi g\u00f6ra dig uppm\u00e4rksam p\u00e5 vilka typer av panelprofilsdata vi sparar om dig.<\/p>\n<p>1A. Registreringsdata<br \/>\n1B. Bakgrundsdata<\/p>\n<p>Den data du ger oss vid registreringstillf\u00e4llet (Registreringsdata) samt dina svar p\u00e5 fr\u00e5gorna du kan svara p\u00e5 n\u00e4r du loggar in i ditt panelkonto (Bakgrundsdata) hj\u00e4lper oss och andra f\u00f6retag att bli mer relevanta i vilka unders\u00f6kningar vi bjuder in dig till. Nedan f\u00f6ljer en kort beskrivning av de olika datatyperna.<\/p>\n<p><b>1A. Registreringsdata<\/b><br \/>\nN\u00e4r du registrerar dig ger du oss frivilligt din e-postadress och dina svar p\u00e5 fr\u00e5gor om t.ex. f\u00f6delse\u00e5r, k\u00f6n och postnummer. Detta \u00e4r grundl\u00e4ggande information som beh\u00f6vs f\u00f6r att m\u00f6jligg\u00f6ra ditt deltagande i unders\u00f6kningar fram\u00e5t.<\/p>\n<p><b>1B. Bakgrundsdata<\/b><br \/>\nN\u00e4r du loggar in p\u00e5 ditt panelkonto finns en rad olika fr\u00e5gor som du frivilligt kan besvara. Svaren p\u00e5 dessa fr\u00e5gor sparas som Bakgrundsdata. Ju fler av dessa fr\u00e5gor du svarar p\u00e5 desto h\u00f6gre \u00e4r sannolikheten att du blir inbjuden till fler unders\u00f6kningar och fler unders\u00f6kningar inneb\u00e4r fler po\u00e4ng.<\/p>\n<p><b>Ansvarig f\u00f6r behandling av din panelprofilsdata<\/b><br \/>\nNepa AB (\u201dNepa\u201d) \u00e4r personuppgiftsansvarig f\u00f6r din panelprofilsdata. Vi p\u00e5 Nepa delar dessa personuppgifterna med v\u00e5rt underbitr\u00e4de Cint AB (\u201dCint\u201d) som st\u00e5r f\u00f6r tekniken bakom Nordic Panel. Ibland beh\u00f6ver vi p\u00e5 Nepa, Nepa och Cint anv\u00e4nda oss av leverant\u00f6rer som kan komma att beh\u00f6va tillg\u00e5ng till dina personuppgifter men det \u00e4r alltid vi p\u00e5 Nepa som ansvarar f\u00f6r att dina personuppgifter behandlas p\u00e5 r\u00e4tt s\u00e4tt i enlighet med Dataskyddsf\u00f6rordningen (GDPR) och att r\u00e4tt avtal finns p\u00e5 plats. De Personuppgiftsbitr\u00e4den som anv\u00e4nds anges nedan:<\/p>\n<p>Nepa = Personuppgiftsansvarig<br \/>\nCint = Underbitr\u00e4de<\/p>\n<p>Som panelist i Nordic Panel godk\u00e4nner du att uppgifter kan komma att l\u00e4mnas ut till l\u00e4nder utanf\u00f6r EU\/EES.<\/p>\n<p><b>2. UNDERS\u00d6KNINGSDATA<\/b><br \/>\nSom medlem i Nordic Panel \u00e4r du tillg\u00e4nglig f\u00f6r att bli inbjuden att delta i olika unders\u00f6kningar som skickas p\u00e5 uppdrag av Nepa men ocks\u00e5 av andra f\u00f6retag som f\u00f6r sin egen eller andra f\u00f6retags r\u00e4kning vill genomf\u00f6ra unders\u00f6kningar. Du v\u00e4ljer sj\u00e4lv om du vill delta i unders\u00f6kningar.<\/p>\n<p><b>Behandling av din unders\u00f6kningsdata<\/b><br \/>\nBeroende p\u00e5 vad du v\u00e4ljer att till\u00e5ta har vi eller andra f\u00f6retag m\u00f6jlighet att samla in unders\u00f6kningsdata om dig. Den typ av unders\u00f6kningsdata vi kan samla in kallas:<\/p>\n<p>2A. Enk\u00e4tdata<\/p>\n<p>I samband med att du blir inbjuden till din f\u00f6rsta unders\u00f6kning kommer du bli ombedd att till\u00e5ta att enk\u00e4tdata samlas in om dig. Du kan n\u00e4r som helst logga in p\u00e5 ditt panelkonto och kontrollera vilka val du gjort g\u00e4llande din Unders\u00f6kningsdata eller uppdatera dem. Nedan f\u00f6ljer en kort beskrivning av enk\u00e4tdata.<\/p>\n<p><b>2A. Enk\u00e4tdata<\/b><br \/>\nAlla unders\u00f6kningar som skickas till dig under ditt medlemskap i panelen har en uppdragsgivare. Detta kan som tidigare n\u00e4mnt ibland vara oss p\u00e5 Nepa och ibland andra f\u00f6retag. N\u00e4r du v\u00e4ljer att svara p\u00e5 en unders\u00f6kning ger du unders\u00f6kningens uppdragsgivare information om dig. Resultaten fr\u00e5n unders\u00f6kningar anv\u00e4nds endast i sammanst\u00e4lld och anonymiserad form om inte annat tydligt anges i den specifika unders\u00f6kningen &#8211; om s\u00e5 \u00e4r fallet ska du alltid kunna undvika att svara p\u00e5 dessa fr\u00e5gor.<\/p>\n<p><b>Ansvarig f\u00f6r behandling av din unders\u00f6kningsdata<\/b><br \/>\nDet \u00e4r uppdragsgivaren till unders\u00f6kningen som \u00e4r personuppgiftsansvarig f\u00f6r den unders\u00f6kningsdata som samlas in om dig i den specifika unders\u00f6kningen. Det \u00e4r frivilligt att delta i unders\u00f6kningar och att svara p\u00e5 fr\u00e5gor. Alla fr\u00e5gor du v\u00e4ljer att svara p\u00e5 ger du genom denna handling personuppgiftsansvarig r\u00e4tt att samla in om dig. St\u00e4lls det fr\u00e5gor till dig vars svar du inte samtycker till behandling av ska du allts\u00e5 v\u00e4lja att inte svara p\u00e5 den fr\u00e5gan.<\/p>\n<p><b>ANV\u00c4NDARAVTAL<\/b><br \/>\nKlicka <a href=\"https:\/\/nordicpanel.com\/sverige\/anvandaravtal\/\" target=\"_blank\" rel=\"noopener\">h\u00e4r<\/a> f\u00f6r att l\u00e4sa de fullst\u00e4ndiga anv\u00e4ndaravtalen.<\/p>\n<p><b>KONTAKT<\/b><br \/>\nOm du har fr\u00e5gor om panelmedlemskapet eller den data som samlas in om dig \u00e4r du n\u00e4r som helst v\u00e4lkommen att kontakta info@nordicpanel.com<\/p>\n","protected":false},"excerpt":{"rendered":"<p>DIN DATA Tack f\u00f6r att du vill vara med i Nordic Panel! Du kommer genom ditt medlemskap i panelen f\u00e5 [&hellip;]<\/p>\n","protected":false},"author":1,"featured_media":0,"parent":0,"menu_order":0,"comment_status":"closed","ping_status":"closed","template":"","meta":{"footnotes":""},"class_list":["post-438","page","type-page","status-publish","hentry"],"_links":{"self":[{"href":"https:\/\/nordicpanel.com\/sverige\/wp-json\/wp\/v2\/pages\/438"}],"collection":[{"href":"https:\/\/nordicpanel.com\/sverige\/wp-json\/wp\/v2\/pages"}],"about":[{"href":"https:\/\/nordicpanel.com\/sverige\/wp-json\/wp\/v2\/types\/page"}],"author":[{"embeddable":true,"href":"https:\/\/nordicpanel.com\/sverige\/wp-json\/wp\/v2\/users\/1"}],"replies":[{"embeddable":true,"href":"https:\/\/nordicpanel.com\/sverige\/wp-json\/wp\/v2\/comments?post=438"}],"version-history":[{"count":0,"href":"https:\/\/nordicpanel.com\/sverige\/wp-json\/wp\/v2\/pages\/438\/revisions"}],"wp:attachment":[{"href":"https:\/\/nordicpanel.com\/sverige\/wp-json\/wp\/v2\/media?parent=438"}],"curies":[{"name":"wp","href":"https:\/\/api.w.org\/{rel}","templated":true}]}}