{"id":335,"date":"2016-05-20T06:39:11","date_gmt":"2016-05-20T06:39:11","guid":{"rendered":"http:\/\/musikpanelen.se\/?page_id=335"},"modified":"2018-05-30T13:09:59","modified_gmt":"2018-05-30T13:09:59","slug":"anvandaravtal","status":"publish","type":"page","link":"https:\/\/nordicpanel.com\/sverige\/anvandaravtal\/","title":{"rendered":"Anv\u00e4ndaravtal"},"content":{"rendered":"<h2 class=\"page-heading\">ANV\u00c4NDARAVTAL<br \/>\nVillkor f\u00f6r medlemskap i panel<\/h2>\n<p><strong>1. ALLM\u00c4NT<\/strong><\/p>\n<p>1.1 Dessa villkor reglerar medlemskap i Nordic Panel (&#8220;<strong>Panelen<\/strong>&#8220;) f\u00f6r och av Nepa Sweden AB, organisationsnummer 556671-5826 (nedan &#8220;<strong>Panel\u00e4garen<\/strong>&#8221; och \u201d<strong>Paneladministrat\u00f6ren<\/strong>\u201d), m\u00f6jliggjorda enk\u00e4tunders\u00f6kningar via internet.<\/p>\n<p>1.2 Panel\u00e4garen och Paneladministrat\u00f6ren samarbetar f\u00f6r att kunna tillhandah\u00e5lla medlemmarna i Panelen enk\u00e4tunders\u00f6kningar fr\u00e5n olika parter som \u00f6nskar genomf\u00f6ra enk\u00e4tunders\u00f6kningar genom Panelen.<\/p>\n<p>1.3 F\u00f6r att registrera dig som medlem i Panelen m\u00e5ste du acceptera dessa villkor.<\/p>\n<p>1.4 N\u00e4r du blir medlem i Panelen f\u00e5r du m\u00f6jlighet att delta i enk\u00e4tunders\u00f6kningar som f\u00f6retag kan vilja genomf\u00f6ra.<\/p>\n<p>1.5 Som medlem i Panelen \u00e4r du tillg\u00e4nglig f\u00f6r att bli kontaktad av f\u00f6retag som f\u00f6r sin egen eller andra f\u00f6retags r\u00e4kning vill genomf\u00f6ra enk\u00e4tunders\u00f6kningar. Du kan d\u00e5 v\u00e4lja att tacka ja eller nej till deltagande i enk\u00e4tunders\u00f6kningar. Du f\u00e5r ers\u00e4ttning f\u00f6r deltagande i enk\u00e4ter enligt villkoren f\u00f6r deltagande i respektive enk\u00e4tunders\u00f6kning.<\/p>\n<p>1.6 Du ska vara bosatt i det land Panelen prim\u00e4rt \u00e4r inriktad p\u00e5.<\/p>\n<p>1.7 Du f\u00e5r endast ha ett medlemskap i Panelen och f\u00f6r det fall Panel\u00e4garen eller Paneladministrat\u00f6ren uppt\u00e4cker ytterligare medlemsregistreringar f\u00f6r samma person har Panel\u00e4garen eller Paneladministrat\u00f6ren r\u00e4tt att avregistrera alla eller \u00f6vriga medlemskonton. Flera medlemmar i en familj har r\u00e4tt att delta i Panelen men en enk\u00e4tunders\u00f6kning kan endast besvaras av en medlem p\u00e5 samma dator s\u00e5vida inte speciella regler f\u00f6r enk\u00e4tunders\u00f6kningen g\u00e4ller.<\/p>\n<p>1.8 Panel\u00e4garen eller Paneladministrat\u00f6ren f\u00f6rbeh\u00e5ller sig \u00e4ven r\u00e4tten att avsluta medlemskap om medlemmen inte deltagit i n\u00e5gra enk\u00e4tunders\u00f6kningar under en sammanh\u00e4ngande period om 36 m\u00e5nader, om medlem inte uppfyller d\u00e5 g\u00e4llande krav f\u00f6r medlemskap i Panelen eller om medlem enligt Panel\u00e4garen eller Paneladministrat\u00f6rens uppfattning inte f\u00f6ljt vid var tid g\u00e4llande villkor f\u00f6r medlemskap i Panelen.<\/p>\n<p><strong>2. ERS\u00c4TTNING F\u00d6R DELTAGANDE VID ENK\u00c4TUNDERS\u00d6KNINGAR<\/strong><\/p>\n<p>2.1 Medlem informeras inf\u00f6r varje enk\u00e4tunders\u00f6kning om aktuell ers\u00e4ttning f\u00f6r deltagande samt den tid deltagande i unders\u00f6kning kan f\u00f6rv\u00e4ntas ta. Varje medlem kan erh\u00e5lla maximalt 999 kr per \u00e5r d\u00e4r maximalt 99 kr kan utbetalas per m\u00e5nad. Medlemmen \u00e4r ensamt ansvarig f\u00f6r att betala eventuell vinstskatt. Medlem f\u00f6rbinder sig att svara sanningsenligt och omsorgsfullt p\u00e5 fr\u00e5gorna i de unders\u00f6kningar medlemmen deltar i samt att alltid uppge korrekta uppgifter om medlemmens k\u00f6n eller \u00e5lder eller annan efterfr\u00e5gad bakgrundsvariabel. Om Panel\u00e4garen eller Paneladministrat\u00f6ren bed\u00f6mer att avl\u00e4mnade svar har eller kan antas ha avgivits i strid med dessa villkor \u00e4ger Panel\u00e4garen r\u00e4tt att inneh\u00e5lla och inte utge ers\u00e4ttning till medlemmen f\u00f6r aktuell unders\u00f6kning. Efter tre s\u00e5dana incidenter har Panel\u00e4garen eller Paneladministrat\u00f6ren r\u00e4tt att radera medlemmens konto. Om en medlem blivit avregistrerad fr\u00e5n Panel bortfaller r\u00e4tten till intj\u00e4nad men \u00e4nnu inte utbetald ers\u00e4ttning.<\/p>\n<p>2.2 Medlem \u00e4ger r\u00e4tt till utbetalning av upparbetad ers\u00e4ttning n\u00e4r den totala ers\u00e4ttningen uppg\u00e5r till eller \u00f6verstiger det minimibelopp som fr\u00e5n tid till annan anges p\u00e5 det personliga panelkontot. Ers\u00e4ttningen betalas ut till medlem enligt de utbetalningsalternativ som anges p\u00e5 Panelens hemsida. Panel\u00e4garen eller Paneladministrat\u00f6ren f\u00f6rbeh\u00e5ller sig r\u00e4tten att revidera ers\u00e4ttningsniv\u00e5er, gr\u00e4nser f\u00f6r utbetalning samt utbetalningsalternativ. F\u00f6r vissa utbetalningsalternativ kan en transaktionsavgift uttas.<\/p>\n<p><strong>3. MEDLEMSKAP<\/strong><\/p>\n<p>3.1 Medlemskap i Panelen \u00e4r helt frivilligt och medlem har r\u00e4tt att n\u00e4rsomhelst avsluta medlemskapet. Panel\u00e4garen eller Paneladministrat\u00f6ren har vidare ocks\u00e5 r\u00e4tt att n\u00e4rsomhelst avsluta medlemskapet enligt 2.1 ovan.<\/p>\n<p>3.2 Om medlem sj\u00e4lv beg\u00e4r uttr\u00e4de bortfaller r\u00e4tten till intj\u00e4nad men \u00e4nnu inte utbetald ers\u00e4ttning.<\/p>\n<p><strong>4. BEHANDLING AV PERSONUPPGIFTER<\/strong><\/p>\n<p>N\u00e4r du registrerar dig som medlem i Panelen, och under hela medlemskapet, kommer Panel\u00e4garen och Paneladministrat\u00f6ren att behandla personuppgifter om dig. Behandlingen kommer att ske i enlighet med <a href=\"\/sverige\/din-data\/\" rel=\"noopener\" target=\"_blank\">Panel\u00e4garens integritetspolicy<\/a>.<\/p>\n<p><strong>5. \u00c4NDRING AV VILLKOREN<\/strong><\/p>\n<p>5.1 Dessa villkor g\u00e4ller i den form som de, vid var tid, \u00e4r publicerade p\u00e5 Panel\u00e4garens webbplats. Panel\u00e4garen har r\u00e4tt att n\u00e4r som helst g\u00f6ra \u00e4ndringar f\u00f6r medlemskapet i Panelen, dessa villkor eller hur enk\u00e4tunders\u00f6kningar tillhandah\u00e5lls.<\/p>\n<p>5.2 Om dessa villkor \u00e4ndras kommer \u00e4ndringarna att publiceras p\u00e5 Panel\u00e4garens webbplats, d\u00e4r vid var tid till\u00e4mpliga villkor \u00e4r publicerade. \u00c4ndringar av villkoren f\u00f6r medlemskap i Panelen tr\u00e4der i kraft tidigast 30 dagar efter att Panel\u00e4garen informerat om \u00e4ndringarna genom e-postutskick till medlemmens registrerade e-postadress. Vid \u00e4ndring av villkor kommer Panel\u00e4garen att informera om \u00e4ndringarna, n\u00e4r dessa tr\u00e4der i kraft samt sk\u00e4len till \u00e4ndringarna. En medlem som inte accepterar de \u00e4ndrade villkoren kan s\u00e4ga upp sitt medlemskap med omedelbar verkan.<\/p>\n<p>5.3 Ut\u00f6ver vad som f\u00f6ljer av tvingande lagstiftning, ansvarar Panel\u00e4garen eller Paneladministrat\u00f6ren inte f\u00f6r eventuella f\u00f6rluster (inklusive f\u00f6rlorade f\u00f6rm\u00e5ner eller s\u00e4mre f\u00f6rm\u00e5ner) till f\u00f6ljd av f\u00f6r\u00e4ndringar av dessa villkor och Panel\u00e4garen eller Paneladministrat\u00f6ren \u00e4r inte heller p\u00e5 n\u00e5got s\u00e4tt skyldig att ers\u00e4tta medlem eller tredje part f\u00f6r s\u00e5dana f\u00f6rluster.<\/p>\n<p><strong>6. \u00d6VRIGT<\/strong><\/p>\n<p>6.1 Medlemskap i Panelen ber\u00e4ttigar inte medlem till deltagande i visst minsta antal unders\u00f6kningar. Panel\u00e4garen och Paneladministrat\u00f6rens ansvar enligt dessa villkor \u00e4r begr\u00e4nsat till direkta skador som drabbar medlem och ska inte under n\u00e5gon omst\u00e4ndighet \u00f6verstiga genomsnittlig ers\u00e4ttning som utbetalats till aktuell medlem per \u00e5r de senaste tre \u00e5ren.<\/p>\n<p>6.2 Medlemmen ger Panel\u00e4garen en i tiden obegr\u00e4nsad och kostnadsfri r\u00e4tt att anv\u00e4nda allt material, s\u00e5som text och bilder, som medlemmen registrerar i unders\u00f6kningar, innefattande r\u00e4tten att framst\u00e4lla exemplar\/kopior, tillg\u00e4ngligg\u00f6ra materialet f\u00f6r allm\u00e4nheten, samt \u00e4ndra och \u00f6verl\u00e5ta materialet.<\/p>\n<p>6.3 Panel\u00e4garen \u00e4ger r\u00e4tt att \u00f6verl\u00e5ta samtliga r\u00e4ttigheter enligt detta avtal till tredje part.<\/p>\n<p>6.4 Eventuella tvister g\u00e4llande medlemskap i Panel som inte har g\u00e5tt att l\u00f6sa genom \u00f6verenskommelse mellan parterna, ska avg\u00f6ras enligt svensk lag och av svensk domstol. Medlem kan, f\u00f6r att l\u00f6sa tvisten utanf\u00f6r domstol, v\u00e4nda sig till Allm\u00e4nna reklamationsn\u00e4mnden med adress Box 174, 101 23 Stockholm, www.arn.se, i den m\u00e5n n\u00e4mnden \u00e4r beh\u00f6rig att pr\u00f6va fr\u00e5gan.<\/p>\n<p><strong>7. KONTAKT<\/strong><\/p>\n<p>Om du har fr\u00e5gor om panelmedlemskapet eller om du vill s\u00e4ga upp ditt medlemskap i Panel kan du kontakta <a href=\"mailto:info@nordicpanel.com\">info@nordicpanel.com<\/a>.<\/p>\n","protected":false},"excerpt":{"rendered":"<p>ANV\u00c4NDARAVTAL Villkor f\u00f6r medlemskap i panel 1. ALLM\u00c4NT 1.1 Dessa villkor reglerar medlemskap i Nordic Panel (&#8220;Panelen&#8220;) f\u00f6r och av [&hellip;]<\/p>\n","protected":false},"author":1,"featured_media":0,"parent":0,"menu_order":0,"comment_status":"closed","ping_status":"closed","template":"","meta":{"footnotes":""},"class_list":["post-335","page","type-page","status-publish","hentry"],"_links":{"self":[{"href":"https:\/\/nordicpanel.com\/sverige\/wp-json\/wp\/v2\/pages\/335"}],"collection":[{"href":"https:\/\/nordicpanel.com\/sverige\/wp-json\/wp\/v2\/pages"}],"about":[{"href":"https:\/\/nordicpanel.com\/sverige\/wp-json\/wp\/v2\/types\/page"}],"author":[{"embeddable":true,"href":"https:\/\/nordicpanel.com\/sverige\/wp-json\/wp\/v2\/users\/1"}],"replies":[{"embeddable":true,"href":"https:\/\/nordicpanel.com\/sverige\/wp-json\/wp\/v2\/comments?post=335"}],"version-history":[{"count":0,"href":"https:\/\/nordicpanel.com\/sverige\/wp-json\/wp\/v2\/pages\/335\/revisions"}],"wp:attachment":[{"href":"https:\/\/nordicpanel.com\/sverige\/wp-json\/wp\/v2\/media?parent=335"}],"curies":[{"name":"wp","href":"https:\/\/api.w.org\/{rel}","templated":true}]}}