{"id":225,"date":"2016-03-10T13:25:06","date_gmt":"2016-03-10T13:25:06","guid":{"rendered":"http:\/\/musikpanelen.panelpreviews.com\/?page_id=225"},"modified":"2018-05-22T06:30:55","modified_gmt":"2018-05-22T06:30:55","slug":"faq","status":"publish","type":"page","link":"https:\/\/nordicpanel.com\/sverige\/faq\/","title":{"rendered":"Fr\u00e5gor och svar"},"content":{"rendered":"<h2 class=\"page-heading\">Fr\u00e5gor och svar<\/h2>\n<p>H\u00e4r hittar du svaren p\u00e5 de vanligaste fr\u00e5gorna som st\u00e4lls av v\u00e5ra panelmedlemmar. Hittar du inte svaret du s\u00f6ker \u00e4r du v\u00e4lkommen att kontakta oss p\u00e5 <a href=\"mailto:info@nordicpanel.com\">info@nordicpanel.com<\/a>.<\/p>\n<p><strong>MEDLEMSKAP<\/strong><\/p>\n<div class=\"accordion-container accordion-all-closed\"><div class=\"accordion-title\">Bli medlem i panelen<span class=\"ac-indicator\"><\/span><\/div><div class=\"pane\"><b>Hur blir jag medlem i Nordic Panel?<\/b><br \/> Du kan registrera dig genom att klicka <a href=\"https:\/\/nordicpanel.com\/sverige\/#section-2\">h\u00e4r<\/a>. Du kan endast registrera dig med en e-postadress en g\u00e5ng. Det \u00e4r inte till\u00e5tet att vara registrerad med flera olika e-postadresser i panelen.<br \/><b>Kan jag vara medlem i Nordic Panel om jag bor utanf\u00f6r Sverige?<\/b><br \/>Du kan bara vara registrerad i Nordic Panel om du bor i Sverige. <div class=\"clear\"><\/div><\/div> <div class=\"accordion-title\">Kompatibla enheter<span class=\"ac-indicator\"><\/span><\/div><div class=\"pane\"><b>Kan jag registrera mig\/logga in med min mobiltelefon?hu<\/b><br \/>Du kan anv\u00e4nda din dator och mobiltelefon till att registrera dig, logga in och svara p\u00e5 unders\u00f6kningar. Om du upplever inloggningsproblem kan du klicka <a href=\"https:\/\/www.cint.com\/cpx\/public_panelist_login.asp?GUID=0533f5cf-e288-4833-95b6-92af055fa4c8\">h\u00e4r<\/a>.<div class=\"clear\"><\/div><\/div><div class=\"accordion-title\">L\u00e4mna panelen<span class=\"ac-indicator\"><\/span><\/div><div class=\"pane\"><b>Hur avslutar jag mitt medlemskap i Nordic Panel?<\/b><br \/>Du \u00e4r fri att n\u00e4r som helst s\u00e4ga upp ditt medlemskap i Nordic Panel. Du g\u00f6r detta genom att <a href=\"https:\/\/nordicpanel.com\/sverige\/logga-in\/\">logga in<\/a> p\u00e5 ditt panelkonto via inloggningssidan p\u00e5 panelhemsidan. P\u00e5 din profilsida avregistrerar du dig genom att klicka p\u00e5 \u201davsluta konto\u201d. Du kan \u00e4ven skicka ett mejl till oss p\u00e5 <a href=\"mailto:info@nordicpanel.com\">info@nordicpanel.com<\/a> s\u00e5 hj\u00e4lper vi dig med avregistreringen. Om du avregistrerar dig medan du har pengar kvar p\u00e5 ditt konto g\u00e5r dessa pengar f\u00f6rlorade. <div class=\"clear\"><\/div><\/div><\/div>\n<p><strong>PROFIL<\/strong><\/p>\n<div class=\"accordion-container accordion-all-closed\"><div class=\"accordion-title\">\u00c4ndring av mina uppgifter<span class=\"ac-indicator\"><\/span><\/div><div class=\"pane\"><b>Hur kan jag \u00e4ndra mina personliga uppgifter?<\/b><br \/> Du kan \u00e4ndra dina uppgifter genom att <a href=\"https:\/\/nordicpanel.com\/sverige\/logga-in\/\">logga in<\/a> p\u00e5 ditt panelkonto och klicka p\u00e5 \u201dDIN PROFIL\u201d.<br \/>\nOm du vill \u00e4ndra din e-postadress, v\u00e4nligen skicka ett mejl till oss p\u00e5 <a href=\"mailto:info@nordicpanel.com\">info@nordicpanel.com<\/a>.<br \/>\n<div class=\"clear\"><\/div><\/div> <div class=\"accordion-title\">Borttappade inloggningsuppgifter<span class=\"ac-indicator\"><\/span><\/div><div class=\"pane\"><b>Hur f\u00e5r jag ett nytt l\u00f6senord?<\/b><br \/>Du kan f\u00e5 ett nytt l\u00f6senord genom att g\u00e5 till <a href=\"https:\/\/nordicpanel.com\/sverige\/logga-in\/\">inloggningssidan <\/a>och klicka p\u00e5 \u201dGl\u00f6mt l\u00f6senordet?\u201d och fylla i din e-postadress. F\u00f6lj sedan instruktionerna s\u00e5 skickas ett nytt l\u00f6senord till din e-postadress.<div class=\"clear\"><\/div><\/div><\/div>\n<p><strong>ERS\u00c4TTNING<\/strong><\/p>\n<div class=\"accordion-container accordion-all-closed\"><div class=\"accordion-title\">Alternativ f\u00f6r utbetalningar<span class=\"ac-indicator\"><\/span><\/div><div class=\"pane\"><b>Hur kan jag anv\u00e4nda min intj\u00e4nade ers\u00e4ttning?<\/b><br \/>Vi har flera ers\u00e4ttningsalternativ som du kan v\u00e4lja fr\u00e5n. Mer information om varje alternativ hittar du <a href=\"https:\/\/nordicpanel.com\/sverige\/ersattning\/\">h\u00e4r.<\/a> <div class=\"clear\"><\/div><\/div><div class=\"accordion-title\">Mitt personliga saldo<span class=\"ac-indicator\"><\/span><\/div><div class=\"pane\"><b>Hur ser jag hur mycket pengar jag tj\u00e4nat ihop?<\/b><br \/>Genom att logga in p\u00e5 ditt panelkonto via \u201d<a href=\"https:\/\/nordicpanel.com\/sverige\/logga-in\/\">Nordic Panel-login<\/a>\u201d p\u00e5 panelhemsidan kan du kontrollera ditt saldo och din utbetalningshistorik i din profil genom att klicka p\u00e5 \u201dDITT SALDO\u201d. <div class=\"clear\"><\/div><\/div><div class=\"accordion-title\">Betala ut ers\u00e4ttning<span class=\"ac-indicator\"><\/span><\/div><div class=\"pane\"><b>Hur betalar jag ut ers\u00e4ttningen jag tj\u00e4nat ihop?<\/b><br \/>Du kan betala ut din ers\u00e4ttning genom att <a href=\"https:\/\/nordicpanel.com\/sverige\/logga-in\/\">logga in<\/a> p\u00e5 ditt panelkonto och g\u00e5 till din profil. Om du har tillr\u00e4ckligt med saldo kan du betala ut efter ditt val av ers\u00e4ttningsalternativ.<br \/><b>Skicka om v\u00e4rdekoder om oanv\u00e4nda v\u00e4rdekoder g\u00e5r ut?<\/b><br \/>Det \u00e4r inte m\u00f6jligt att skicka nya v\u00e4rdekoder om dina v\u00e4rdekoder g\u00e5r ut. Alla v\u00e4rdekoder m\u00e5ste anv\u00e4ndas inom den angivna giltighetsperioden.<div class=\"clear\"><\/div><\/div><div class=\"accordion-title\">Ers\u00e4ttning f\u00f6r unders\u00f6kning<span class=\"ac-indicator\"><\/span><\/div><div class=\"pane\"><b>Hur mycket pengar f\u00e5r jag f\u00f6r en unders\u00f6kning?<\/b><br \/>Ers\u00e4ttningen varierar beroende p\u00e5 enk\u00e4tens l\u00e4ngd. Du m\u00e5ste genomf\u00f6ra en unders\u00f6kning helt f\u00f6r att mottaga din ers\u00e4ttning.<div class=\"clear\"><\/div><\/div><div class=\"accordion-title\">PayPal konto? <span class=\"ac-indicator\"><\/span><\/div><div class=\"pane\"><b>Hur f\u00f6r jag \u00f6ver min ers\u00e4ttning till mitt PayPal konto?<\/b><br \/>Om du har tillr\u00e4ckligt med saldo kan du \u00f6verf\u00f6ra dina po\u00e4ng till ditt PayPal konto. Ett bekr\u00e4ftelsemejl kommer skickas till din registrerade e-postadress som du m\u00e5ste acceptera inom 30 dagar, annars avbryts transaktionen.<div class=\"clear\"><\/div><\/div><\/div>\n<p><strong>UNDERS\u00d6KNING<\/strong><\/p>\n<div class=\"accordion-container accordion-all-closed\"><div class=\"accordion-title\">Antal unders\u00f6kningar du f\u00e5r<span class=\"ac-indicator\"><\/span><\/div><div class=\"pane\"><b>Hur m\u00e5nga unders\u00f6kningar skickar ni till mig?<\/b><br \/>Antal unders\u00f6kningar du f\u00e5r beror p\u00e5 hur m\u00e5nga aktuella unders\u00f6kningar det finns. Du kan maximalt f\u00e5 6 unders\u00f6kningar per m\u00e5nad.<div class=\"clear\"><\/div><\/div><div class=\"accordion-title\">Hur l\u00e5ng tid det tar att svara p\u00e5 unders\u00f6kningar<span class=\"ac-indicator\"><\/span><\/div><div class=\"pane\"><b>Hur svarar jag p\u00e5 unders\u00f6kningar?<\/b><br \/>Du f\u00e5r unders\u00f6kningar skickade till din registrerade e-postadress med en l\u00e4nk som du klickar p\u00e5 f\u00f6r att komma till unders\u00f6kningen. Unders\u00f6kningen \u00e4r aktiv tills att vi har f\u00e5tt in tillr\u00e4ckligt med svar. <div class=\"clear\"><\/div><\/div><div class=\"accordion-title\">Avslutade\/st\u00e4ngda unders\u00f6kningar<span class=\"ac-indicator\"><\/span><\/div><div class=\"pane\"><b>N\u00e4r jag klickar p\u00e5 l\u00e4nken st\u00e5r det att unders\u00f6kningen \u00e4r st\u00e4ngd\/avslutad. Vad betyder det?<\/b><br \/> Av erfarenhet vet vi att inte alla har tid eller m\u00f6jlighet att svara p\u00e5 de unders\u00f6kningar vi skickar ut. D\u00e4rf\u00f6r skickas enk\u00e4ten ut till en st\u00f6rre m\u00e4ngd personer och avslutas n\u00e4r \u00f6nskat antal svar inkommit. D\u00e4refter kan inga fler panelister svara p\u00e5 unders\u00f6kningen.<div class=\"clear\"><\/div><\/div><div class=\"accordion-title\">Mer om screenout<span class=\"ac-indicator\"><\/span><\/div><div class=\"pane\"><b>Varf\u00f6r f\u00e5r jag ibland inte svara p\u00e5 mer \u00e4n ett par fr\u00e5gor? Vad \u00e4r screenout?<\/b><br \/>Vissa unders\u00f6kningar \u00e4r riktade till en viss m\u00e5lgrupp och inleds med ett antal fr\u00e5gor (screenout-fr\u00e5gor) f\u00f6r att urskilja om du passar in p\u00e5 m\u00e5lgruppen. Om du inte tillh\u00f6r den m\u00e5lgrupp som efterfr\u00e5gas avslutas enk\u00e4ten efter att du svarat p\u00e5 dessa f\u00e5 fr\u00e5gor. Du beh\u00f6ver med andra ord aldrig besvara en hel enk\u00e4t om du inte tillh\u00f6r m\u00e5lgruppen. Eftersom hela enk\u00e4ten inte besvarades f\u00e5r du ingen ers\u00e4ttning.<div class=\"clear\"><\/div><\/div><\/div>\n<p><strong>PERSONLIGA UPPGIFTER<\/strong><\/p>\n<div class=\"accordion-container accordion-all-closed\"><div class=\"accordion-title\">Reklammejl<span class=\"ac-indicator\"><\/span><\/div><div class=\"pane\"><b>Om jag blir medlem av Nordic Panel, kommer jag d\u00e5 att f\u00e5 reklammejl om deras produkter och tj\u00e4nster skickade till mig?<\/b><br \/>Ingen marknadsf\u00f6ring eller reklammejl kommer att bli skickade till dig fr\u00e5n panelen.<div class=\"clear\"><\/div><\/div><\/div>\n","protected":false},"excerpt":{"rendered":"<p>Fr\u00e5gor och svar H\u00e4r hittar du svaren p\u00e5 de vanligaste fr\u00e5gorna som st\u00e4lls av v\u00e5ra panelmedlemmar. Hittar du inte svaret [&hellip;]<\/p>\n","protected":false},"author":1,"featured_media":0,"parent":0,"menu_order":0,"comment_status":"closed","ping_status":"closed","template":"","meta":{"footnotes":""},"class_list":["post-225","page","type-page","status-publish","hentry"],"_links":{"self":[{"href":"https:\/\/nordicpanel.com\/sverige\/wp-json\/wp\/v2\/pages\/225"}],"collection":[{"href":"https:\/\/nordicpanel.com\/sverige\/wp-json\/wp\/v2\/pages"}],"about":[{"href":"https:\/\/nordicpanel.com\/sverige\/wp-json\/wp\/v2\/types\/page"}],"author":[{"embeddable":true,"href":"https:\/\/nordicpanel.com\/sverige\/wp-json\/wp\/v2\/users\/1"}],"replies":[{"embeddable":true,"href":"https:\/\/nordicpanel.com\/sverige\/wp-json\/wp\/v2\/comments?post=225"}],"version-history":[{"count":0,"href":"https:\/\/nordicpanel.com\/sverige\/wp-json\/wp\/v2\/pages\/225\/revisions"}],"wp:attachment":[{"href":"https:\/\/nordicpanel.com\/sverige\/wp-json\/wp\/v2\/media?parent=225"}],"curies":[{"name":"wp","href":"https:\/\/api.w.org\/{rel}","templated":true}]}}