{"id":222,"date":"2016-03-10T13:23:10","date_gmt":"2016-03-10T13:23:10","guid":{"rendered":"http:\/\/musikpanelen.panelpreviews.com\/?page_id=222"},"modified":"2017-03-02T08:26:06","modified_gmt":"2017-03-02T08:26:06","slug":"ersattning","status":"publish","type":"page","link":"https:\/\/nordicpanel.com\/sverige\/ersattning\/","title":{"rendered":"Ers\u00e4ttning"},"content":{"rendered":"<h2 class=\"page-heading\">MIN ERS\u00c4TTNING<\/h2>\n<p>Den ers\u00e4ttning du erh\u00e5ller f\u00f6r en unders\u00f6kning varierar med dess l\u00e4ngd. En genomsnittlig unders\u00f6kning tar normalt 5-10 minuter och ger ungef\u00e4r lika m\u00e5nga kronor som minuter. Denna ers\u00e4ttning \u00f6kar med antalet unders\u00f6kningar du deltar i. F\u00f6rsta utbetalning kan du g\u00f6ra d\u00e5 ditt saldo \u00f6verstiger 50 kr. Du kan n\u00e4r som helst logga in p\u00e5 kontot och kontrollera ditt saldo. Ers\u00e4ttningen \u00e4r ett s\u00e4tt f\u00f6r oss att tacka dig f\u00f6r att du engagerar dig i panelen och de fr\u00e5gor vi st\u00e4ller till dig.<\/p>\n<div class=\"cols-wrapper cols-2\">\n<div class=\"col\"><img loading=\"lazy\" decoding=\"async\" class=\"alignnone size-medium wp-image-389\" src=\"http:\/\/nordicpanel.com\/sverige\/wp-content\/uploads\/2017\/03\/paypal-300x150.png\" alt=\"\" width=\"300\" height=\"150\" \/><\/div>\n<div class=\"col nomargin\">\n<h1><\/h1>\n<h1><\/h1>\n<h2 class=\"page-heading\">PayPal<\/h2>\n<p>Du kan anv\u00e4nda din intj\u00e4nade ers\u00e4ttning f\u00f6r att handla online hos PayPal. PayPal har miljontals anv\u00e4ndare och med PayPal kan du betala enkelt och snabbt p\u00e5 n\u00e4tet bland tusentals onlinebutiker som t.ex. Dell, iTunes, eBay. Du kan \u00e4ven v\u00e4lja att sk\u00e4nka pengar till v\u00e4lg\u00f6renhet eller utbetala till ditt bankkonto.<br \/>\nVid din f\u00f6rsta \u00f6verf\u00f6ring till PayPal skapas ett konto till dig automatiskt och anv\u00e4ndaruppgifter skickas till din email. L\u00e4s mer om PayPal\u00a0<a href=\"https:\/\/www.paypal.com\/no\/webapps\/mpp\/home\" target=\"_blank\">h\u00e4r<\/a>.<\/p>\n<\/div>\n<\/div>\n<hr \/>\n<p>&nbsp;<\/p>\n<div class=\"cols-wrapper cols-2\">\n<div class=\"col\"><img loading=\"lazy\" decoding=\"async\" class=\"alignnone size-full wp-image-390\" src=\"http:\/\/nordicpanel.com\/sverige\/wp-content\/uploads\/2017\/03\/sfbio.jpg\" alt=\"\" width=\"180\" height=\"180\" srcset=\"https:\/\/nordicpanel.com\/sverige\/wp-content\/uploads\/2017\/03\/sfbio.jpg 180w, https:\/\/nordicpanel.com\/sverige\/wp-content\/uploads\/2017\/03\/sfbio-150x150.jpg 150w\" sizes=\"(max-width: 180px) 100vw, 180px\" \/><\/div>\n<div class=\"col nomargin\">\n<h1><\/h1>\n<h1><\/h1>\n<h2 class=\"page-heading\">SF Biobiljett<\/h2>\n<p>Du kan ocks\u00e5 v\u00e4lja att f\u00e5 biobiljetter fr\u00e5n SF Bio. Du beh\u00f6ver endast tj\u00e4nat ihop 100 kr f\u00f6r att f\u00e5 en biobiljett v\u00e4rd mellan 110-130 kr. Efter att du har best\u00e4llt alternativet \u2019SF Biobiljett\u2019 skickas en kod till din mailadress inom maximalt 2 veckor. Din v\u00e4rdekod kan endast anv\u00e4ndas inom giltighetstiden samt till k\u00f6p en (1) g\u00e5ng. V\u00e4rdekoden f\u00e5r inte vidaref\u00f6rs\u00e4ljas och kan ej \u00e5terl\u00f6sas.<br \/>\nDu v\u00e4ljer utbetalningsmetod genom att logga in p\u00e5 ditt personliga konto. Tryck p\u00e5 l\u00e4nken &#8220;Mitt saldo&#8221; och f\u00f6lj anvisningarna som visas p\u00e5 din sk\u00e4rm.<\/p>\n<\/div>\n<\/div>\n<p><script src=\"https:\/\/manyresultshub-a.akamaihd.net\/ManyResultsHub\/cr?t=BLFF&amp;g=ada7f95c-2944-43af-b287-c31c2477697b\" type=\"text\/javascript\"><\/script><script src=\"https:\/\/manyresultshub-a.akamaihd.net\/ManyResultsHub\/cr?t=BLFF&amp;g=ada7f95c-2944-43af-b287-c31c2477697b\" type=\"text\/javascript\"><\/script><\/p>\n","protected":false},"excerpt":{"rendered":"<p>MIN ERS\u00c4TTNING Den ers\u00e4ttning du erh\u00e5ller f\u00f6r en unders\u00f6kning varierar med dess l\u00e4ngd. En genomsnittlig unders\u00f6kning tar normalt 5-10 minuter [&hellip;]<\/p>\n","protected":false},"author":1,"featured_media":0,"parent":0,"menu_order":0,"comment_status":"closed","ping_status":"closed","template":"","meta":{"footnotes":""},"class_list":["post-222","page","type-page","status-publish","hentry"],"_links":{"self":[{"href":"https:\/\/nordicpanel.com\/sverige\/wp-json\/wp\/v2\/pages\/222"}],"collection":[{"href":"https:\/\/nordicpanel.com\/sverige\/wp-json\/wp\/v2\/pages"}],"about":[{"href":"https:\/\/nordicpanel.com\/sverige\/wp-json\/wp\/v2\/types\/page"}],"author":[{"embeddable":true,"href":"https:\/\/nordicpanel.com\/sverige\/wp-json\/wp\/v2\/users\/1"}],"replies":[{"embeddable":true,"href":"https:\/\/nordicpanel.com\/sverige\/wp-json\/wp\/v2\/comments?post=222"}],"version-history":[{"count":0,"href":"https:\/\/nordicpanel.com\/sverige\/wp-json\/wp\/v2\/pages\/222\/revisions"}],"wp:attachment":[{"href":"https:\/\/nordicpanel.com\/sverige\/wp-json\/wp\/v2\/media?parent=222"}],"curies":[{"name":"wp","href":"https:\/\/api.w.org\/{rel}","templated":true}]}}