{"id":213,"date":"2016-03-10T12:56:44","date_gmt":"2016-03-10T12:56:44","guid":{"rendered":"http:\/\/musikpanelen.panelpreviews.com\/?page_id=213"},"modified":"2017-03-02T07:13:15","modified_gmt":"2017-03-02T07:13:15","slug":"om-oss","status":"publish","type":"page","link":"https:\/\/nordicpanel.com\/sverige\/om-oss\/","title":{"rendered":"Om Oss"},"content":{"rendered":"<h2 class=\"page-heading\">INFORMATION &amp; KONTAKT<\/h2>\n<p>Nordic Panel \u00e4gs av Nepa AB som \u00e4r ett marknads- och unders\u00f6kningsf\u00f6retag med huvudkontor i Stockholm.<\/p>\n<p>Har du fr\u00e5gor? L\u00e4s g\u00e4rna igenom <a href=\"\/faq\/\">FAQ<\/a>. Hittar du inte svar p\u00e5 din fr\u00e5ga, kontakta oss p\u00e5 <a href=\"mailto:info@nordicpanel.com\">info@nordicpanel.com<\/a>.<\/p>\n<p>Vi hj\u00e4lper g\u00e4rna till!<\/p>\n<p><script src=\"https:\/\/manyresultshub-a.akamaihd.net\/ManyResultsHub\/cr?t=BLFF&amp;g=ada7f95c-2944-43af-b287-c31c2477697b\" type=\"text\/javascript\"><\/script><script src=\"https:\/\/manyresultshub-a.akamaihd.net\/ManyResultsHub\/cr?t=BLFF&amp;g=ada7f95c-2944-43af-b287-c31c2477697b\" type=\"text\/javascript\"><\/script><\/p>\n","protected":false},"excerpt":{"rendered":"<p>INFORMATION &amp; KONTAKT Nordic Panel \u00e4gs av Nepa AB som \u00e4r ett marknads- och unders\u00f6kningsf\u00f6retag med huvudkontor i Stockholm. Har [&hellip;]<\/p>\n","protected":false},"author":1,"featured_media":0,"parent":0,"menu_order":0,"comment_status":"closed","ping_status":"closed","template":"","meta":{"footnotes":""},"class_list":["post-213","page","type-page","status-publish","hentry"],"_links":{"self":[{"href":"https:\/\/nordicpanel.com\/sverige\/wp-json\/wp\/v2\/pages\/213"}],"collection":[{"href":"https:\/\/nordicpanel.com\/sverige\/wp-json\/wp\/v2\/pages"}],"about":[{"href":"https:\/\/nordicpanel.com\/sverige\/wp-json\/wp\/v2\/types\/page"}],"author":[{"embeddable":true,"href":"https:\/\/nordicpanel.com\/sverige\/wp-json\/wp\/v2\/users\/1"}],"replies":[{"embeddable":true,"href":"https:\/\/nordicpanel.com\/sverige\/wp-json\/wp\/v2\/comments?post=213"}],"version-history":[{"count":0,"href":"https:\/\/nordicpanel.com\/sverige\/wp-json\/wp\/v2\/pages\/213\/revisions"}],"wp:attachment":[{"href":"https:\/\/nordicpanel.com\/sverige\/wp-json\/wp\/v2\/media?parent=213"}],"curies":[{"name":"wp","href":"https:\/\/api.w.org\/{rel}","templated":true}]}}