{"id":222,"date":"2016-03-10T13:23:10","date_gmt":"2016-03-10T13:23:10","guid":{"rendered":"http:\/\/musikpanelen.panelpreviews.com\/?page_id=222"},"modified":"2024-02-26T05:45:03","modified_gmt":"2024-02-26T05:45:03","slug":"money","status":"publish","type":"page","link":"https:\/\/nordicpanel.com\/suomi\/money\/","title":{"rendered":"Korvaus"},"content":{"rendered":"<h2 class=\"page-heading\">Korvaus<\/h2>\n<p>Tutkimuksesta saamasi korvaus on tapamme kiitt\u00e4\u00e4 sinua osallistumisesta paneeliin ja kyselyihimme. Korvauksen suuruus vaihtelee tutkimuksen pituuden mukaan. Tutkimukset kest\u00e4v\u00e4t tavallisesti 5\u201315 minuuttia ja korvaussummat vaihtelevat yleens\u00e4 0,2\u20132 euron v\u00e4lill\u00e4. Voit milloin tahansa kirjautua sis\u00e4\u00e4n paneelitilillesi ja tarkistaa saldosi.<\/p>\n<p>Korvaukset voit my\u00f6hemmin lunastaa oman valintasi mukaan Superlahjakorttina tai Tremendous-palkkiona, jonka voi lunastaa lahjakorttina tai siirtona virtuaaliselle VISA-kortille. Korvauksen lunastaminen tapahtuu kirjautumalla paneelitilille ja klikkaamalla yl\u00e4palkissa olevaa \u201dPalkkiot\u201d -kohtaa.<\/p>\n","protected":false},"excerpt":{"rendered":"<p>Korvaus Tutkimuksesta saamasi korvaus on tapamme kiitt\u00e4\u00e4 sinua osallistumisesta paneeliin ja kyselyihimme. Korvauksen suuruus vaihtelee tutkimuksen pituuden mukaan. Tutkimukset kest\u00e4v\u00e4t [&hellip;]<\/p>\n","protected":false},"author":1,"featured_media":0,"parent":0,"menu_order":0,"comment_status":"closed","ping_status":"closed","template":"","meta":{"footnotes":""},"class_list":["post-222","page","type-page","status-publish","hentry"],"_links":{"self":[{"href":"https:\/\/nordicpanel.com\/suomi\/wp-json\/wp\/v2\/pages\/222"}],"collection":[{"href":"https:\/\/nordicpanel.com\/suomi\/wp-json\/wp\/v2\/pages"}],"about":[{"href":"https:\/\/nordicpanel.com\/suomi\/wp-json\/wp\/v2\/types\/page"}],"author":[{"embeddable":true,"href":"https:\/\/nordicpanel.com\/suomi\/wp-json\/wp\/v2\/users\/1"}],"replies":[{"embeddable":true,"href":"https:\/\/nordicpanel.com\/suomi\/wp-json\/wp\/v2\/comments?post=222"}],"version-history":[{"count":3,"href":"https:\/\/nordicpanel.com\/suomi\/wp-json\/wp\/v2\/pages\/222\/revisions"}],"predecessor-version":[{"id":542,"href":"https:\/\/nordicpanel.com\/suomi\/wp-json\/wp\/v2\/pages\/222\/revisions\/542"}],"wp:attachment":[{"href":"https:\/\/nordicpanel.com\/suomi\/wp-json\/wp\/v2\/media?parent=222"}],"curies":[{"name":"wp","href":"https:\/\/api.w.org\/{rel}","templated":true}]}}