{"id":216,"date":"2016-03-10T12:57:49","date_gmt":"2016-03-10T12:57:49","guid":{"rendered":"http:\/\/musikpanelen.panelpreviews.com\/?page_id=216"},"modified":"2021-06-09T15:13:45","modified_gmt":"2021-06-09T15:13:45","slug":"how","status":"publish","type":"page","link":"https:\/\/nordicpanel.com\/suomi\/how\/","title":{"rendered":"N\u00e4in se toimii"},"content":{"rendered":"<h2 class=\"page-heading\">N\u00e4in se toimii<\/h2>\n<p>Tutkimuskutsut l\u00e4hetet\u00e4\u00e4n s\u00e4hk\u00f6postiosoitteeseen, jolla olet rekister\u00f6itynyt paneeliin. Kutsussa ilmoitetaan aina tutkimuksen arvioitu pituus ja siit\u00e4 saatava korvaussumma. Kutsu sis\u00e4lt\u00e4\u00e4 my\u00f6s linkin, jonka kautta p\u00e4\u00e4set vastaamaan tutkimukseen, mik\u00e4li kuulut kyselyn kohderyhm\u00e4\u00e4n. Yleens\u00e4 tutkimuksiin vastaaminen kest\u00e4\u00e4 5\u201310 minuuttia.<\/p>\n<p>Tutkimukset voivat k\u00e4sitell\u00e4 monia eri asioita. Voit esimerkiksi p\u00e4\u00e4st\u00e4 ilmaisemaan mielipiteesi lempij\u00e4\u00e4tel\u00f6st\u00e4si, kertomaan mik\u00e4 jossakin verkkosivustossa on hyv\u00e4\u00e4 tai huonoa tai ilmoittamaan omin sanoin, mit\u00e4 jokin tuotemerkki tuo mieleesi. Tutkimukset eiv\u00e4t v\u00e4ltt\u00e4m\u00e4tt\u00e4 tule yhdest\u00e4 yrityksest\u00e4, vaan ne voivat tulla useilta eri yrityksilt\u00e4, jotka ovat kiinnostuneita sinun mielipiteest\u00e4si.<\/p>\n","protected":false},"excerpt":{"rendered":"<p>N\u00e4in se toimii Tutkimuskutsut l\u00e4hetet\u00e4\u00e4n s\u00e4hk\u00f6postiosoitteeseen, jolla olet rekister\u00f6itynyt paneeliin. Kutsussa ilmoitetaan aina tutkimuksen arvioitu pituus ja siit\u00e4 saatava korvaussumma. [&hellip;]<\/p>\n","protected":false},"author":1,"featured_media":0,"parent":0,"menu_order":0,"comment_status":"closed","ping_status":"closed","template":"","meta":{"footnotes":""},"class_list":["post-216","page","type-page","status-publish","hentry"],"_links":{"self":[{"href":"https:\/\/nordicpanel.com\/suomi\/wp-json\/wp\/v2\/pages\/216"}],"collection":[{"href":"https:\/\/nordicpanel.com\/suomi\/wp-json\/wp\/v2\/pages"}],"about":[{"href":"https:\/\/nordicpanel.com\/suomi\/wp-json\/wp\/v2\/types\/page"}],"author":[{"embeddable":true,"href":"https:\/\/nordicpanel.com\/suomi\/wp-json\/wp\/v2\/users\/1"}],"replies":[{"embeddable":true,"href":"https:\/\/nordicpanel.com\/suomi\/wp-json\/wp\/v2\/comments?post=216"}],"version-history":[{"count":1,"href":"https:\/\/nordicpanel.com\/suomi\/wp-json\/wp\/v2\/pages\/216\/revisions"}],"predecessor-version":[{"id":529,"href":"https:\/\/nordicpanel.com\/suomi\/wp-json\/wp\/v2\/pages\/216\/revisions\/529"}],"wp:attachment":[{"href":"https:\/\/nordicpanel.com\/suomi\/wp-json\/wp\/v2\/media?parent=216"}],"curies":[{"name":"wp","href":"https:\/\/api.w.org\/{rel}","templated":true}]}}