{"id":213,"date":"2016-03-10T12:56:44","date_gmt":"2016-03-10T12:56:44","guid":{"rendered":"http:\/\/musikpanelen.panelpreviews.com\/?page_id=213"},"modified":"2021-06-09T15:09:42","modified_gmt":"2021-06-09T15:09:42","slug":"about","status":"publish","type":"page","link":"https:\/\/nordicpanel.com\/suomi\/about\/","title":{"rendered":"Tietoja meist\u00e4"},"content":{"rendered":"<h2 class=\"page-heading\">Tietoja meist\u00e4 ja Yhteystiedot<\/h2>\n<p>Nordic Panel k\u00e4ynnistettiin syksyn\u00e4 2009, ja sen omistaa Nepa. Nordic Paneelin tarkoituksena on selvitt\u00e4\u00e4, mit\u00e4 mielt\u00e4 suomalaiset ovat eri asioista. Lis\u00e4tietoa Nepasta l\u00f6ytyy Nepan verkkosivuilta.<\/p>\n<p>Onko sinulla kysytt\u00e4v\u00e4\u00e4? Lue ensin Kysymyksi\u00e4 ja vastauksia. Jos et l\u00f6yd\u00e4 etsim\u00e4\u00e4si vastausta, voit l\u00e4hett\u00e4\u00e4 meille s\u00e4hk\u00f6postia osoitteeseen <a href=\"mailto:info@nordicpanel.com\">info@nordicpanel.com<\/a>.<\/p>\n<p>Autamme sinua mielell\u00e4mme!<\/p>\n","protected":false},"excerpt":{"rendered":"<p>Tietoja meist\u00e4 ja Yhteystiedot Nordic Panel k\u00e4ynnistettiin syksyn\u00e4 2009, ja sen omistaa Nepa. Nordic Paneelin tarkoituksena on selvitt\u00e4\u00e4, mit\u00e4 mielt\u00e4 [&hellip;]<\/p>\n","protected":false},"author":1,"featured_media":0,"parent":0,"menu_order":0,"comment_status":"closed","ping_status":"closed","template":"","meta":{"footnotes":""},"class_list":["post-213","page","type-page","status-publish","hentry"],"_links":{"self":[{"href":"https:\/\/nordicpanel.com\/suomi\/wp-json\/wp\/v2\/pages\/213"}],"collection":[{"href":"https:\/\/nordicpanel.com\/suomi\/wp-json\/wp\/v2\/pages"}],"about":[{"href":"https:\/\/nordicpanel.com\/suomi\/wp-json\/wp\/v2\/types\/page"}],"author":[{"embeddable":true,"href":"https:\/\/nordicpanel.com\/suomi\/wp-json\/wp\/v2\/users\/1"}],"replies":[{"embeddable":true,"href":"https:\/\/nordicpanel.com\/suomi\/wp-json\/wp\/v2\/comments?post=213"}],"version-history":[{"count":2,"href":"https:\/\/nordicpanel.com\/suomi\/wp-json\/wp\/v2\/pages\/213\/revisions"}],"predecessor-version":[{"id":527,"href":"https:\/\/nordicpanel.com\/suomi\/wp-json\/wp\/v2\/pages\/213\/revisions\/527"}],"wp:attachment":[{"href":"https:\/\/nordicpanel.com\/suomi\/wp-json\/wp\/v2\/media?parent=213"}],"curies":[{"name":"wp","href":"https:\/\/api.w.org\/{rel}","templated":true}]}}