{"id":6,"date":"2015-01-20T00:39:24","date_gmt":"2015-01-20T00:39:24","guid":{"rendered":"http:\/\/pexetothemes.com\/demos\/story_demos\/business\/?page_id=5"},"modified":"2021-06-09T12:35:37","modified_gmt":"2021-06-09T12:35:37","slug":"hem","status":"publish","type":"page","link":"https:\/\/nordicpanel.com\/norway\/","title":{"rendered":"Hem"},"content":{"rendered":"<div class=\"section-full-width section-light2\" style=\"background-color:#f7f7f7;\" id=\"3-trinnsprosess\"><div class=\"section-boxed\" style=\"color:#777777;\"><h2 class=\"section-title\" style=\"color:#252525;\">3-TRINNSPROSESS<\/h2><\/p>\n<h5 style=\"text-align: center;\"><\/h5>\n<h5><\/h5>\n<div class=\"services-wrapper services-icon cols-wrapper cols-3 pexeto-parallax\"><div class=\"services-box col\"><div class=\"img-container\"><img decoding=\"async\" src=\"https:\/\/nordicpanel.com\/norway\/wp-content\/uploads\/2017\/03\/register-130x130.png\" alt=\"Registrering\"\/><\/div><div class=\"services-content\"><div class=\"sc-wraper\"><h3>Registrering<\/h3><p>For \u00e5 bli medlem av Nordic Panel, m\u00e5 du fylle ut registreringsskjemaet du finner ved \u00e5 klikke p\u00e5 registreringsknappen \u00f8verst eller nederst p\u00e5 denne siden. Medlemskapet ditt er b\u00e5de frivillig og gratis og tar vanligvis mellom 5 og 10 minutter \u00e5 fullf\u00f8re.<\/p><\/div><\/div><\/div><div class=\"services-box col\"><div class=\"img-container\"><img decoding=\"async\" src=\"https:\/\/nordicpanel.com\/norway\/wp-content\/uploads\/2017\/03\/survey-130x130.png\" alt=\"Unders\u00f8kelser\"\/><\/div><div class=\"services-content\"><div class=\"sc-wraper\"><h3>Unders\u00f8kelser<\/h3><p>Som medlem av det nordiske panelet inviterer vi deg til ulike unders\u00f8kelser fra oss og fra eksterne akt\u00f8rer. Unders\u00f8kelsene varierer og ber\u00f8rer emner som reklame, medievanene og underholdning generelt.<\/p><\/div><\/div><\/div><div class=\"services-box col nomargin\"><div class=\"img-container\"><img decoding=\"async\" src=\"https:\/\/nordicpanel.com\/norway\/wp-content\/uploads\/2017\/03\/reward-130x130.png\" alt=\"Bli bel\u00f8nnet\"\/><\/div><div class=\"services-content\"><div class=\"sc-wraper\"><h3>Bli bel\u00f8nnet<\/h3><p>Som takk for at du deltar, vil du bli erstattet av insentiver. Erstatningen varierer avhengig av unders\u00f8kelsens lengde og alvorlighetsgrad.<\/p><\/div><\/div><\/div><div class=\"clear\"><\/div><\/div>\n<p>\n<\/div><\/div>\n<div class=\"section-full-width section-dark parallax-fixed\" style=\"background-color:#252525;\" id=\"nordic-panel\"><div style=\"background-image:url(https:\/\/nordicpanel.com\/norway\/wp-content\/uploads\/2017\/03\/banner-3.jpg); opacity:0.5; filter: alpha(opacity=50);\" class=\"full-bg-image\" ><\/div><div class=\"section-boxed\" style=\"color:#ffffff;\"><h2 class=\"section-title\" style=\"color:#ffffff;\">nordic-panel<\/h2><p>&nbsp;<\/p>\n<p><center><\/p>\n<section id=\"cint_portal\">\n    <noscript>Please enable JavaScript to view the panelist portal<\/noscript><br \/>\n<\/section>\n<p><script>\n    function cint_config() {\n        this.panelGuid = \"60d0781b-8a79-4dd6-b994-4da723d74ddd\";\n    };\n<\/script><br \/>\n<script src=\"https:\/\/panelist.cint.com\/assets\/embed.min.js\"><\/script><\/p>\n<p><\/center><\/p>\n<\/div><\/div>\n","protected":false},"excerpt":{"rendered":"","protected":false},"author":1,"featured_media":410,"parent":0,"menu_order":0,"comment_status":"open","ping_status":"open","template":"template-full-custom.php","meta":{"footnotes":""},"class_list":["post-6","page","type-page","status-publish","has-post-thumbnail","hentry"],"_links":{"self":[{"href":"https:\/\/nordicpanel.com\/norway\/wp-json\/wp\/v2\/pages\/6"}],"collection":[{"href":"https:\/\/nordicpanel.com\/norway\/wp-json\/wp\/v2\/pages"}],"about":[{"href":"https:\/\/nordicpanel.com\/norway\/wp-json\/wp\/v2\/types\/page"}],"author":[{"embeddable":true,"href":"https:\/\/nordicpanel.com\/norway\/wp-json\/wp\/v2\/users\/1"}],"replies":[{"embeddable":true,"href":"https:\/\/nordicpanel.com\/norway\/wp-json\/wp\/v2\/comments?post=6"}],"version-history":[{"count":4,"href":"https:\/\/nordicpanel.com\/norway\/wp-json\/wp\/v2\/pages\/6\/revisions"}],"predecessor-version":[{"id":525,"href":"https:\/\/nordicpanel.com\/norway\/wp-json\/wp\/v2\/pages\/6\/revisions\/525"}],"wp:featuredmedia":[{"embeddable":true,"href":"https:\/\/nordicpanel.com\/norway\/wp-json\/wp\/v2\/media\/410"}],"wp:attachment":[{"href":"https:\/\/nordicpanel.com\/norway\/wp-json\/wp\/v2\/media?parent=6"}],"curies":[{"name":"wp","href":"https:\/\/api.w.org\/{rel}","templated":true}]}}