{"id":438,"date":"2018-05-22T04:57:58","date_gmt":"2018-05-22T04:57:58","guid":{"rendered":"https:\/\/nordicpanel.com\/norway\/?page_id=438"},"modified":"2021-06-09T17:19:46","modified_gmt":"2021-06-09T17:19:46","slug":"dine-data","status":"publish","type":"page","link":"https:\/\/nordicpanel.com\/norway\/dine-data\/","title":{"rendered":"DINE DATA"},"content":{"rendered":"<h2 class=\"page-heading\">DINE DATA<\/h2>\n<p>Mange takk for din interesse i Nordic Panel. Ved \u00e5 v\u00e6re medlem i Nordic Panel f\u00e5r du mulighet til \u00e5 utgj\u00f8re en virkelig forskjell og p\u00e5virke viktige beslutninger, ikke bare hos oss i Nepa, men ogs\u00e5 i andre selskaper. Det er gratis \u00e5 v\u00e6re medlem i Nordic Panel. Du er ikke forpliktet til \u00e5 delta, men kan hjelpe oss med \u00e5 bli bedre p\u00e5 et frivillig grunnlag \u2013 noe vi setter stor pris p\u00e5. Velkommen til Nordic Panel!<\/p>\n<p><\/p>\n<p>Vi vil gj\u00f8re deg oppmerksom p\u00e5 hvilke datatyper som vi og andre selskaper kan innhente om deg. Avhengig av valgene du treffer, har vi mulighet til \u00e5 innhente to typer data om deg:<\/font><\/p>\n<p>\n                                    1.\tPANELPROFILDATA<br \/>\n                                    2.\tFORSKNINGSDATA\n                                <\/p>\n<p> Disse datatypene er beskrevet nedenfor.<\/p>\n<p><\/p>\n<p><b>1.\tPANELPROFILDATA <b><\/p>\n<p> Panelprofildata brukes til \u00e5 administrere Nordic Panel og sende invitasjoner om unders\u00f8kelser. Nepa kan ogs\u00e5 \u2013 via en behandler eller underbehandler \u2013 h\u00e5ndtere panelprofildata for \u00e5 la andre selskaper invitere deg til \u00e5 delta i unders\u00f8kelser. I disse situasjonene deles ingen panelprofildata som kan kobles til en person, med disse selskapene.<\/p>\n<p>Paneleiers personvernregler gjelder ved h\u00e5ndtering av panelprofildataene dine<\/p>\n<p> N\u00e5r du oppretter en konto hos Nordic Panel, inng\u00e5r du en avtale med Nepa. Nepa er den behandlingsansvarlige, og derfor vil vi informere deg om hvilke typer panelprofildata med tilknytning til deg, som vi lagrer. <\/p>\n<p><b>1A. Registreringsdata<br \/>\n                                2A. Bakgrunnsdata <\/b><\/p>\n<p><\/p>\n<p> Opplysningene du oppgir ved registrering (registreringsdata), og svarene du oppgir p\u00e5 sp\u00f8rsm\u00e5lene du kan besvare n\u00e5r du logger inn til panelkontoen din (bakgrunnsdata), hjelper oss og andre selskaper med \u00e5 v\u00e6re mer relevante n\u00e5r det gjelder hvilke unders\u00f8kelser vi inviterer deg til. Nedenfor er en kort beskrivelse av de ulike datatypene.<\/p>\n<p><b> 1A. Registreringsdata <\/b><\/p>\n<p><\/p>\n<p>Ved registrering oppgir du e-postadressen din og besvarer et par relevante sp\u00f8rsm\u00e5l fra oss. Denne informasjonen er n\u00f8dvendig for \u00e5 sende deg unders\u00f8kelser i fremtiden. <\/p>\n<p><b> 1B. Bakgrunnsdata<\/b><\/p>\n<p><\/p>\n<p>N\u00e5r du logger inn til panelkontoen din, f\u00e5r du sp\u00f8rsm\u00e5l som du kan velge \u00e5 besvare eller ikke. Svarene p\u00e5 disse sp\u00f8rsm\u00e5lene lagres som bakgrunnsdata. Jo flere sp\u00f8rsm\u00e5l du besvarer, desto mer sannsynlig er det at du vil bli invitert til flere unders\u00f8kelser, og flere unders\u00f8kelser betyr flere poeng.<\/p>\n<p><\/p>\n<p>Ansvarlig for \u00e5 h\u00e5ndtere panelprofildataene dine<\/p>\n<p>Nepa Sweden AB (\u00abNepa\u00bb) er behandlingsansvarlig. Hos Nepa deler vi data med behandleren v\u00e5r, Cint AB (\u00abCint\u00bb), som er ansvarlig for den tekniske plattformen bak Nordic Panel. Det hender at vi hos Nepa og Cint bruker leverand\u00f8rer som kan ha behov for \u00e5 behandle opplysningene dine, men det er alltid vi hos Nepa som er ansvarlig for \u00e5 garantere at opplysningene dine h\u00e5ndteres i henhold til GDPR, EUs personvernforordning 2016\/679, og at alle rettighetsavtaler overholdes. Den nedennevnte behandleren og underbehandlerne som brukes, er: <\/p>\n<p> Nepa = behandlingsansvarlig <br \/>\n                                Cint = behandler <\/p>\n<p><\/p>\n<p>Som paneldeltaker i Nordic Panel godtar du at opplysningene dine kan bli sendt til land utenfor EU\/E\u00d8S.<\/p>\n<p>2.\tFORSKNINGSDATA<\/p>\n<p><\/p>\n<p>Som et medlem av Nordic Panel er du kvalifisert til \u00e5 bli invitert til \u00e5 delta i unders\u00f8kelser som sendes til deg p\u00e5 vegne av Nepa, men ogs\u00e5 p\u00e5 vegne av andre selskaper som \u00f8nsker \u00e5 utf\u00f8re en forskningsstudie. Du velger selv om du vil delta i studier.<\/p>\n<p><\/p>\n<p>Hvordan forskningsdataene dine behandles<\/p>\n<p> <\/p>\n<p> Avhengig av hva du tillater, kan Nepa og andre selskaper innhente forskningsdata om deg. Typen forskningsdata vi kan innhente, kalles: <\/p>\n<p><\/p>\n<p> 2A. Unders\u00f8kelsesdata<\/p>\n<p>Like f\u00f8r du besvarer den f\u00f8rste unders\u00f8kelsen din, blir du bedt om \u00e5 gi samtykke til hvilke unders\u00f8kelsesdata som kan innhentes om deg. Du kan alltid logge inn til panelmedlemskontoen din for \u00e5 kontrollere og tilbakekalle samtykker du har gitt. En kort beskrivelse av unders\u00f8kelsesdata finnes nedenfor.<\/p>\n<p><\/p>\n<p>2A. Unders\u00f8kelsesdata<\/p>\n<p><\/p>\n<p>Alle unders\u00f8kelser som sendes til deg mens du er et medlem i panelet, har en bestemt kj\u00f8per. Som nevnt kan denne kj\u00f8peren v\u00e6re [client name] eller andre selskaper. N\u00e5r du velger \u00e5 besvare en unders\u00f8kelse, gir du denne kj\u00f8peren opplysninger om deg. Resultater fra unders\u00f8kelser brukes kun i aggregert og anonymisert form. Hvis svarene dine i en unders\u00f8kelse vil bli brukt p\u00e5 annen m\u00e5te, vil du f\u00e5 klar beskjed om dette f\u00f8r du kan begynne \u00e5 besvare unders\u00f8kelsen. Du kan alltid velge \u00e5 la v\u00e6re \u00e5 besvare disse unders\u00f8kelsene. <\/p>\n<p>Ansvar for \u00e5 h\u00e5ndtere forskningsdataene dine <\/p>\n<p><\/p>\n<p>Det er kj\u00f8peren som er den behandlingsansvarlige for forskningsdataene som er innhentet om deg i hver spesifikke unders\u00f8kelse. Det er frivillig \u00e5 delta i unders\u00f8kelser og besvare sp\u00f8rsm\u00e5l. N\u00e5r du besvarer et sp\u00f8rsm\u00e5l i en unders\u00f8kelse, godtar du dermed at kj\u00f8peren innhenter, lagrer og behandler svaret ditt. Hvis du blir stilt et sp\u00f8rsm\u00e5l som du ikke vil gi kj\u00f8peren rett til \u00e5 innhente, lagre og behandle svaret p\u00e5, m\u00e5 du ikke besvare dette sp\u00f8rsm\u00e5let.<\/p>\n<p><\/p>\n<p><b>BRUKERAVTALE <\/b><\/p>\n<p>\n                                Klikk <a href=\"https:\/\/panelpreview.com\/denmark\/dine-data\/\">her<\/a> for \u00e5 lese hele brukeravtalen.<\/font><\/p>\n<p><b> KONTAKT<\/b><\/p>\n<p><\/p>\n<p> Hvis du har sp\u00f8rsm\u00e5l vedr\u00f8rende medlemskap i The Panel eller dataene som innhentes om deg, er det bare \u00e5 kontakte <a href=\"mailto:info@nordicpanel.com\">info@nordicpanel.com<\/a>.<\/p>\n","protected":false},"excerpt":{"rendered":"<p>DINE DATA Mange takk for din interesse i Nordic Panel. Ved \u00e5 v\u00e6re medlem i Nordic Panel f\u00e5r du mulighet [&hellip;]<\/p>\n","protected":false},"author":1,"featured_media":0,"parent":0,"menu_order":0,"comment_status":"closed","ping_status":"closed","template":"","meta":{"footnotes":""},"class_list":["post-438","page","type-page","status-publish","hentry"],"_links":{"self":[{"href":"https:\/\/nordicpanel.com\/norway\/wp-json\/wp\/v2\/pages\/438"}],"collection":[{"href":"https:\/\/nordicpanel.com\/norway\/wp-json\/wp\/v2\/pages"}],"about":[{"href":"https:\/\/nordicpanel.com\/norway\/wp-json\/wp\/v2\/types\/page"}],"author":[{"embeddable":true,"href":"https:\/\/nordicpanel.com\/norway\/wp-json\/wp\/v2\/users\/1"}],"replies":[{"embeddable":true,"href":"https:\/\/nordicpanel.com\/norway\/wp-json\/wp\/v2\/comments?post=438"}],"version-history":[{"count":5,"href":"https:\/\/nordicpanel.com\/norway\/wp-json\/wp\/v2\/pages\/438\/revisions"}],"predecessor-version":[{"id":538,"href":"https:\/\/nordicpanel.com\/norway\/wp-json\/wp\/v2\/pages\/438\/revisions\/538"}],"wp:attachment":[{"href":"https:\/\/nordicpanel.com\/norway\/wp-json\/wp\/v2\/media?parent=438"}],"curies":[{"name":"wp","href":"https:\/\/api.w.org\/{rel}","templated":true}]}}