{"id":222,"date":"2016-03-10T13:23:10","date_gmt":"2016-03-10T13:23:10","guid":{"rendered":"http:\/\/musikpanelen.panelpreviews.com\/?page_id=222"},"modified":"2021-06-09T12:46:29","modified_gmt":"2021-06-09T12:46:29","slug":"money","status":"publish","type":"page","link":"https:\/\/nordicpanel.com\/norway\/money\/","title":{"rendered":"Godtgj\u00f8relse"},"content":{"rendered":"<h2 class=\"page-heading\">Godtgj\u00f8relse<\/h2>\n<p>Den godtgj\u00f8relsen du f\u00e5r for en unders\u00f8kelse varierer med lengden p\u00e5 unders\u00f8kelsen. En gjennomsnittlig unders\u00f8kelse tar normalt 5\u201310 minutter. Denne godtgj\u00f8relsen vokser med antall unders\u00f8kelser du deltar i. Den f\u00f8rste utbetalingen gj\u00f8res n\u00e5r saldoen overstiger 50 kr.<br \/>\nDu kan n\u00e5r som helst logge deg inn p\u00e5 kontoen og kontrollere saldoen din. Godtgj\u00f8relsen er en m\u00e5te for oss \u00e5 takke deg for at du engasjerer deg i panelet og de sp\u00f8rsm\u00e5lene vi stiller deg.<\/p>\n","protected":false},"excerpt":{"rendered":"<p>Godtgj\u00f8relse Den godtgj\u00f8relsen du f\u00e5r for en unders\u00f8kelse varierer med lengden p\u00e5 unders\u00f8kelsen. En gjennomsnittlig unders\u00f8kelse tar normalt 5\u201310 minutter. [&hellip;]<\/p>\n","protected":false},"author":1,"featured_media":0,"parent":0,"menu_order":0,"comment_status":"closed","ping_status":"closed","template":"","meta":{"footnotes":""},"class_list":["post-222","page","type-page","status-publish","hentry"],"_links":{"self":[{"href":"https:\/\/nordicpanel.com\/norway\/wp-json\/wp\/v2\/pages\/222"}],"collection":[{"href":"https:\/\/nordicpanel.com\/norway\/wp-json\/wp\/v2\/pages"}],"about":[{"href":"https:\/\/nordicpanel.com\/norway\/wp-json\/wp\/v2\/types\/page"}],"author":[{"embeddable":true,"href":"https:\/\/nordicpanel.com\/norway\/wp-json\/wp\/v2\/users\/1"}],"replies":[{"embeddable":true,"href":"https:\/\/nordicpanel.com\/norway\/wp-json\/wp\/v2\/comments?post=222"}],"version-history":[{"count":2,"href":"https:\/\/nordicpanel.com\/norway\/wp-json\/wp\/v2\/pages\/222\/revisions"}],"predecessor-version":[{"id":529,"href":"https:\/\/nordicpanel.com\/norway\/wp-json\/wp\/v2\/pages\/222\/revisions\/529"}],"wp:attachment":[{"href":"https:\/\/nordicpanel.com\/norway\/wp-json\/wp\/v2\/media?parent=222"}],"curies":[{"name":"wp","href":"https:\/\/api.w.org\/{rel}","templated":true}]}}