{"id":216,"date":"2016-03-10T12:57:49","date_gmt":"2016-03-10T12:57:49","guid":{"rendered":"http:\/\/musikpanelen.panelpreviews.com\/?page_id=216"},"modified":"2021-06-09T12:44:07","modified_gmt":"2021-06-09T12:44:07","slug":"slik-fungerer-det","status":"publish","type":"page","link":"https:\/\/nordicpanel.com\/norway\/slik-fungerer-det\/","title":{"rendered":"Slik fungerer det"},"content":{"rendered":"<h2 class=\"page-heading\">HVA MEDLEMSKAP BETYR<\/h2>\n<p>Det sendes ut en innbydelse til den e-postadressen du registrerte deg med. I brevet finner du informasjon om unders\u00f8kelsens lengde, sammen med en link som tar deg videre til unders\u00f8kelsen. Der m\u00e5 du svare p\u00e5 en rekke sp\u00f8rsm\u00e5l, og svarene dine sammenlignes deretter med svar fra alle de andre som har deltatt. Du kan sette unders\u00f8kelsen p\u00e5 pause n\u00e5r du vil, og fortsette besvarelsen senere. Vanligvis er unders\u00f8kelsene 5\u201310 minutter lange.<\/p>\n<p>Unders\u00f8kelsene kan handle om mange forskjellige ting. Du kan for eksempel f\u00e5 mene noe om din favorittiskrem, svare p\u00e5 hva som er bra eller d\u00e5rlig med en hjemmeside, eller bare assosiere fritt hva slags f\u00f8lelser et varemerke gir deg.<\/p>\n","protected":false},"excerpt":{"rendered":"<p>HVA MEDLEMSKAP BETYR Det sendes ut en innbydelse til den e-postadressen du registrerte deg med. I brevet finner du informasjon [&hellip;]<\/p>\n","protected":false},"author":1,"featured_media":0,"parent":0,"menu_order":0,"comment_status":"closed","ping_status":"closed","template":"","meta":{"footnotes":""},"class_list":["post-216","page","type-page","status-publish","hentry"],"_links":{"self":[{"href":"https:\/\/nordicpanel.com\/norway\/wp-json\/wp\/v2\/pages\/216"}],"collection":[{"href":"https:\/\/nordicpanel.com\/norway\/wp-json\/wp\/v2\/pages"}],"about":[{"href":"https:\/\/nordicpanel.com\/norway\/wp-json\/wp\/v2\/types\/page"}],"author":[{"embeddable":true,"href":"https:\/\/nordicpanel.com\/norway\/wp-json\/wp\/v2\/users\/1"}],"replies":[{"embeddable":true,"href":"https:\/\/nordicpanel.com\/norway\/wp-json\/wp\/v2\/comments?post=216"}],"version-history":[{"count":1,"href":"https:\/\/nordicpanel.com\/norway\/wp-json\/wp\/v2\/pages\/216\/revisions"}],"predecessor-version":[{"id":528,"href":"https:\/\/nordicpanel.com\/norway\/wp-json\/wp\/v2\/pages\/216\/revisions\/528"}],"wp:attachment":[{"href":"https:\/\/nordicpanel.com\/norway\/wp-json\/wp\/v2\/media?parent=216"}],"curies":[{"name":"wp","href":"https:\/\/api.w.org\/{rel}","templated":true}]}}