{"id":213,"date":"2016-03-10T12:56:44","date_gmt":"2016-03-10T12:56:44","guid":{"rendered":"http:\/\/musikpanelen.panelpreviews.com\/?page_id=213"},"modified":"2021-06-09T12:40:44","modified_gmt":"2021-06-09T12:40:44","slug":"om-oss","status":"publish","type":"page","link":"https:\/\/nordicpanel.com\/norway\/om-oss\/","title":{"rendered":"Om Oss"},"content":{"rendered":"<h2 class=\"page-heading\">INFORMATION &amp; KONTAKT<\/h2>\n<p>Nordic Panel ble startet h\u00f8sten 2010. Panelet er oppbygd av Nepa. Dette firmaet har ogs\u00e5 ansvaret for driften av panelet. Form\u00e5let med Nordic Panel er \u00e5 finne ut hva den norske befolkningen synes om forskjellige sp\u00f8rsm\u00e5l. Du finner mer informasjon om Nepa p\u00e5 <a href=\"www.nepa.com\">Nepas hjemmeside<\/a>.<\/p>\n<p>Har du sp\u00f8rsm\u00e5l? Les gjerne gjennom Sp\u00f8rsm\u00e5l &#038; svar. Hvis du ikke finner svaret der, kan du sende en e-post til oss p\u00e5 <a href=\"mailto:info@nordicpanel.com\">info@nordicpanel.com<\/a>.<\/p>\n<p>Vi hjelper deg gjerne!<\/p>\n","protected":false},"excerpt":{"rendered":"<p>INFORMATION &amp; KONTAKT Nordic Panel ble startet h\u00f8sten 2010. Panelet er oppbygd av Nepa. Dette firmaet har ogs\u00e5 ansvaret for [&hellip;]<\/p>\n","protected":false},"author":1,"featured_media":0,"parent":0,"menu_order":0,"comment_status":"closed","ping_status":"closed","template":"","meta":{"footnotes":""},"class_list":["post-213","page","type-page","status-publish","hentry"],"_links":{"self":[{"href":"https:\/\/nordicpanel.com\/norway\/wp-json\/wp\/v2\/pages\/213"}],"collection":[{"href":"https:\/\/nordicpanel.com\/norway\/wp-json\/wp\/v2\/pages"}],"about":[{"href":"https:\/\/nordicpanel.com\/norway\/wp-json\/wp\/v2\/types\/page"}],"author":[{"embeddable":true,"href":"https:\/\/nordicpanel.com\/norway\/wp-json\/wp\/v2\/users\/1"}],"replies":[{"embeddable":true,"href":"https:\/\/nordicpanel.com\/norway\/wp-json\/wp\/v2\/comments?post=213"}],"version-history":[{"count":2,"href":"https:\/\/nordicpanel.com\/norway\/wp-json\/wp\/v2\/pages\/213\/revisions"}],"predecessor-version":[{"id":527,"href":"https:\/\/nordicpanel.com\/norway\/wp-json\/wp\/v2\/pages\/213\/revisions\/527"}],"wp:attachment":[{"href":"https:\/\/nordicpanel.com\/norway\/wp-json\/wp\/v2\/media?parent=213"}],"curies":[{"name":"wp","href":"https:\/\/api.w.org\/{rel}","templated":true}]}}