{"id":225,"date":"2016-03-10T13:25:06","date_gmt":"2016-03-10T13:25:06","guid":{"rendered":"http:\/\/musikpanelen.panelpreviews.com\/?page_id=225"},"modified":"2021-06-04T16:36:13","modified_gmt":"2021-06-04T16:36:13","slug":"faq","status":"publish","type":"page","link":"https:\/\/nordicpanel.com\/denmark\/faq\/","title":{"rendered":"Sp\u00f8rgsm\u00e5l og svar"},"content":{"rendered":"<h2 class=\"page-heading\">Fr\u00e5gor och svar<\/h2>\n<p>H\u00e4r hittar du svaren p\u00e5 de vanligaste fr\u00e5gorna som st\u00e4lls av v\u00e5ra panelmedlemmar. Hittar du inte svaret du s\u00f6ker \u00e4r du v\u00e4lkommen att kontakta oss p\u00e5 <a href=\"mailto:info@nordicpanel.com\">info@nordicpanel.com<\/a>.<\/p>\n<p><strong>MEDLEMSKAP<\/strong><\/p>\n<div class=\"accordion-container accordion-all-closed\"><div class=\"accordion-title\">Bliv medlem af Nordic Panel<span class=\"ac-indicator\"><\/span><\/div><div class=\"pane\"><b>Hvordan bliver jeg medlem af Nordic Panel?<\/b><br \/>Du kan registrerer dig ved at udfylde formularen, som du f\u00e5r adgang til ved at klikke p\u00e5 \u201dHjem\u201d i menuen. Medlemskabet er gratis og du kan n\u00e5r som helst melde dig ud af Nordic Panel.<br \/><b>Hvordan f\u00e5r jeg mit\/min brugernavn\/adgangskode?<\/b><br \/>Du kan f\u00e5 dine indlogningsoplysninger tilsendt ved at klikke p\u00e5 \u201dLog ind\u201d og derefter klikke p\u00e5 \u201dGlemt brugernavn\/adgangskode\u201d.<br \/><b>Hvordan kan jeg \u00e6ndre mine personlige oplysninger?<\/b><br \/>Du kan \u00e6ndre dine oplysninger ved at logge ind p\u00e5 din personlige side. Klik p\u00e5 \u201dLog ind\u201d i menuen. Disse oplysninger anvendes til at bestemme hvilke unders\u00f8gelser, som sendes til dig samt til hvilken konto kompensationen skal overf\u00f8res.<br \/><b>Hvordan melder jeg mig ud af Nordic Panel?<\/b><br \/>Du kan n\u00e5r som helst opsige dit panelmedlemskab ved at sende en e-mail til info@nordicpanel.com, hvori du beder os framelde dig Nordic Panel.<div class=\"clear\"><\/div><\/div> <div class=\"accordion-title\">Mistet indlogningsoplysninger<span class=\"ac-indicator\"><\/span><\/div><div class=\"pane\"><b>Hvordan bliver jeg medlem af Nordic Panel?<\/b><br \/>Du kan registrerer dig ved at udfylde formularen, som du f\u00e5r adgang til ved at klikke p\u00e5 \u201dHjem\u201d i menuen. Medlemskabet er gratis og du kan n\u00e5r som helst melde dig ud af Nordic Panel.<br \/><b>Hvordan f\u00e5r jeg mit\/min brugernavn\/adgangskode?<\/b><br \/>Du kan f\u00e5 dine indlogningsoplysninger tilsendt ved at klikke p\u00e5 \u201dLog ind\u201d og derefter klikke p\u00e5 \u201dGlemt brugernavn\/adgangskode\u201d.<br \/><b>Hvordan kan jeg \u00e6ndre mine personlige oplysninger?<\/b><br \/>Du kan \u00e6ndre dine oplysninger ved at logge ind p\u00e5 din personlige side. Klik p\u00e5 \u201dLog ind\u201d i menuen. Disse oplysninger anvendes til at bestemme hvilke unders\u00f8gelser, som sendes til dig samt til hvilken konto kompensationen skal overf\u00f8res.<br \/><b>Hvordan melder jeg mig ud af Nordic Panel?<\/b><br \/>Du kan n\u00e5r som helst opsige dit panelmedlemskab ved at sende en e-mail til info@nordicpanel.com, hvori du beder os framelde dig Nordic Panel.<div class=\"clear\"><\/div><\/div><div class=\"accordion-title\"> \u00c6ndring af mine oplysninger<span class=\"ac-indicator\"><\/span><\/div><div class=\"pane\"><b>Hvordan bliver jeg medlem af Nordic Panel?<\/b><br \/>Du kan registrerer dig ved at udfylde formularen, som du f\u00e5r adgang til ved at klikke p\u00e5 \u201dHjem\u201d i menuen. Medlemskabet er gratis og du kan n\u00e5r som helst melde dig ud af Nordic Panel.<br \/><b>Hvordan f\u00e5r jeg mit\/min brugernavn\/adgangskode?<\/b><br \/>Du kan f\u00e5 dine indlogningsoplysninger tilsendt ved at klikke p\u00e5 \u201dLog ind\u201d og derefter klikke p\u00e5 \u201dGlemt brugernavn\/adgangskode\u201d.<br \/><b>Hvordan kan jeg \u00e6ndre mine personlige oplysninger?<\/b><br \/>Du kan \u00e6ndre dine oplysninger ved at logge ind p\u00e5 din personlige side. Klik p\u00e5 \u201dLog ind\u201d i menuen. Disse oplysninger anvendes til at bestemme hvilke unders\u00f8gelser, som sendes til dig samt til hvilken konto kompensationen skal overf\u00f8res.<br \/><b>Hvordan melder jeg mig ud af Nordic Panel?<\/b><br \/>Du kan n\u00e5r som helst opsige dit panelmedlemskab ved at sende en e-mail til info@nordicpanel.com, hvori du beder os framelde dig Nordic Panel.<div class=\"clear\"><\/div><\/div><div class=\"accordion-title\">Udmeldelse af panelet<span class=\"ac-indicator\"><\/span><\/div><div class=\"pane\"><b>Hvordan bliver jeg medlem af Nordic Panel?<\/b><br \/>Du kan registrerer dig ved at udfylde formularen, som du f\u00e5r adgang til ved at klikke p\u00e5 \u201dHjem\u201d i menuen. Medlemskabet er gratis og du kan n\u00e5r som helst melde dig ud af Nordic Panel.<br \/><b>Hvordan f\u00e5r jeg mit\/min brugernavn\/adgangskode?<\/b><br \/>Du kan f\u00e5 dine indlogningsoplysninger tilsendt ved at klikke p\u00e5 \u201dLog ind\u201d og derefter klikke p\u00e5 \u201dGlemt brugernavn\/adgangskode\u201d.<br \/><b>Hvordan kan jeg \u00e6ndre mine personlige oplysninger?<\/b><br \/>Du kan \u00e6ndre dine oplysninger ved at logge ind p\u00e5 din personlige side. Klik p\u00e5 \u201dLog ind\u201d i menuen. Disse oplysninger anvendes til at bestemme hvilke unders\u00f8gelser, som sendes til dig samt til hvilken konto kompensationen skal overf\u00f8res.<br \/><b>Hvordan melder jeg mig ud af Nordic Panel?<\/b><br \/>Du kan n\u00e5r som helst opsige dit panelmedlemskab ved at sende en e-mail til info@nordicpanel.com, hvori du beder os framelde dig Nordic Panel.<div class=\"clear\"><\/div><\/div><\/div>\n<p><strong>Kompensation<\/strong><\/p>\n<div class=\"accordion-container accordion-all-closed\"><div class=\"accordion-title\">Min personlige saldo<span class=\"ac-indicator\"><\/span><\/div><div class=\"pane\"><b>Hvad er min saldo? Hvordan ser jeg, hvor mange penge jeg i alt har tjent?<\/b><br \/> Du kan kontrollere din saldo og din udbetalingshistorie ved at logge ind p\u00e5 din personlige side.<br \/><b>Hvor mange penge f\u00e5r jeg for en unders\u00f8gelse?<\/b><br \/>Kompensationen, du modtager for en unders\u00f8gelse, varierer og afh\u00e6nger af unders\u00f8gelsens l\u00e6ngde. Hvis du ikke passer ind i den gruppe, vi er p\u00e5 udkig efter til en unders\u00f8gelse, kan du stadig f\u00e5 kompensation for din tid.<br \/><b>Hvordan f\u00e5r jeg udbetalt kompensationen, jeg her tjent?<\/b><br \/>Log ind p\u00e5 din personlige side ved at klikke p\u00e5 \u201dLog ind\u201d i menuen. Tryk p\u00e5 linket \u201dMin saldo\u201d og f\u00f8lg anvisningen, som vises p\u00e5 sk\u00e6rmen.<br \/><b>Mine penge overf\u00f8res ikke &#8211; hvorfor?<\/b><br \/> Det kan tage noget tid inden betalingen gennemf\u00f8res fra det tidspunkt, du v\u00e6lger at overf\u00f8re pengene fra din konto til din Unibet-konto eller Paypal-pung. Det kan skyldes andre betalinger, som venter p\u00e5 at blive gennemf\u00f8rt. Du kan dog hele tiden se status p\u00e5 din betaling p\u00e5 din personlige side. Afh\u00e6ngigt af dagen i m\u00e5neden, kan det tage op til en m\u00e5ned.<br \/><b>Hvor kan jeg anvende min indtjente kompensation?<\/b><br \/>Du kan v\u00e6lge at overf\u00f8re din kompensation til din Paypal-pung. Der oprettes automatisk en personlig Paypal-pung ved din f\u00f8rste overf\u00f8rsel, hvis du har Paypal som udbetalingsmulighed. Du kan handle p\u00e5 forskellige sider p\u00e5 Internettet med denne virtuelle pung og tilmed sk\u00e6nke penge til velg\u00f8rende form\u00e5l. For mere information, se <a href=\"https:\/\/www.paypal.com\/dk\">Paypals hjemmeside<\/a>.<div class=\"clear\"><\/div><\/div> <div class=\"accordion-title\">Kompensation for unders\u00f8gelser<span class=\"ac-indicator\"><\/span><\/div><div class=\"pane\"><b>Hvad er min saldo? Hvordan ser jeg, hvor mange penge jeg i alt har tjent?<\/b><br \/> Du kan kontrollere din saldo og din udbetalingshistorie ved at logge ind p\u00e5 din personlige side.<br \/><b>Hvor mange penge f\u00e5r jeg for en unders\u00f8gelse?<\/b><br \/>Kompensationen, du modtager for en unders\u00f8gelse, varierer og afh\u00e6nger af unders\u00f8gelsens l\u00e6ngde. Hvis du ikke passer ind i den gruppe, vi er p\u00e5 udkig efter til en unders\u00f8gelse, kan du stadig f\u00e5 kompensation for din tid.<br \/><b>Hvordan f\u00e5r jeg udbetalt kompensationen, jeg her tjent?<\/b><br \/>Log ind p\u00e5 din personlige side ved at klikke p\u00e5 \u201dLog ind\u201d i menuen. Tryk p\u00e5 linket \u201dMin saldo\u201d og f\u00f8lg anvisningen, som vises p\u00e5 sk\u00e6rmen.<br \/><b>Mine penge overf\u00f8res ikke &#8211; hvorfor?<\/b><br \/> Det kan tage noget tid inden betalingen gennemf\u00f8res fra det tidspunkt, du v\u00e6lger at overf\u00f8re pengene fra din konto til din Unibet-konto eller Paypal-pung. Det kan skyldes andre betalinger, som venter p\u00e5 at blive gennemf\u00f8rt. Du kan dog hele tiden se status p\u00e5 din betaling p\u00e5 din personlige side. Afh\u00e6ngigt af dagen i m\u00e5neden, kan det tage op til en m\u00e5ned.<br \/><b>Hvor kan jeg anvende min indtjente kompensation?<\/b><br \/>Du kan v\u00e6lge at overf\u00f8re din kompensation til din Paypal-pung. Der oprettes automatisk en personlig Paypal-pung ved din f\u00f8rste overf\u00f8rsel, hvis du har Paypal som udbetalingsmulighed. Du kan handle p\u00e5 forskellige sider p\u00e5 Internettet med denne virtuelle pung og tilmed sk\u00e6nke penge til velg\u00f8rende form\u00e5l. For mere information, se <a href=\"https:\/\/www.paypal.com\/dk\">Paypals hjemmeside<\/a>.<div class=\"clear\"><\/div><\/div>  <div class=\"accordion-title\">Udbetaling af kompensation<span class=\"ac-indicator\"><\/span><\/div><div class=\"pane\"><b>Hvad er min saldo? Hvordan ser jeg, hvor mange penge jeg i alt har tjent?<\/b><br \/> Du kan kontrollere din saldo og din udbetalingshistorie ved at logge ind p\u00e5 din personlige side.<br \/><b>Hvor mange penge f\u00e5r jeg for en unders\u00f8gelse?<\/b><br \/>Kompensationen, du modtager for en unders\u00f8gelse, varierer og afh\u00e6nger af unders\u00f8gelsens l\u00e6ngde. Hvis du ikke passer ind i den gruppe, vi er p\u00e5 udkig efter til en unders\u00f8gelse, kan du stadig f\u00e5 kompensation for din tid.<br \/><b>Hvordan f\u00e5r jeg udbetalt kompensationen, jeg her tjent?<\/b><br \/>Log ind p\u00e5 din personlige side ved at klikke p\u00e5 \u201dLog ind\u201d i menuen. Tryk p\u00e5 linket \u201dMin saldo\u201d og f\u00f8lg anvisningen, som vises p\u00e5 sk\u00e6rmen.<br \/><b>Mine penge overf\u00f8res ikke &#8211; hvorfor?<\/b><br \/> Det kan tage noget tid inden betalingen gennemf\u00f8res fra det tidspunkt, du v\u00e6lger at overf\u00f8re pengene fra din konto til din Unibet-konto eller Paypal-pung. Det kan skyldes andre betalinger, som venter p\u00e5 at blive gennemf\u00f8rt. Du kan dog hele tiden se status p\u00e5 din betaling p\u00e5 din personlige side. Afh\u00e6ngigt af dagen i m\u00e5neden, kan det tage op til en m\u00e5ned.<br \/><b>Hvor kan jeg anvende min indtjente kompensation?<\/b><br \/>Du kan v\u00e6lge at overf\u00f8re din kompensation til din Paypal-pung. Der oprettes automatisk en personlig Paypal-pung ved din f\u00f8rste overf\u00f8rsel, hvis du har Paypal som udbetalingsmulighed. Du kan handle p\u00e5 forskellige sider p\u00e5 Internettet med denne virtuelle pung og tilmed sk\u00e6nke penge til velg\u00f8rende form\u00e5l. For mere information, se <a href=\"https:\/\/www.paypal.com\/dk\">Paypals hjemmeside<\/a>.<div class=\"clear\"><\/div><\/div> <div class=\"accordion-title\">Problem med udbetaling<span class=\"ac-indicator\"><\/span><\/div><div class=\"pane\"><b>Hvad er min saldo? Hvordan ser jeg, hvor mange penge jeg i alt har tjent?<\/b><br \/> Du kan kontrollere din saldo og din udbetalingshistorie ved at logge ind p\u00e5 din personlige side.<br \/><b>Hvor mange penge f\u00e5r jeg for en unders\u00f8gelse?<\/b><br \/>Kompensationen, du modtager for en unders\u00f8gelse, varierer og afh\u00e6nger af unders\u00f8gelsens l\u00e6ngde. Hvis du ikke passer ind i den gruppe, vi er p\u00e5 udkig efter til en unders\u00f8gelse, kan du stadig f\u00e5 kompensation for din tid.<br \/><b>Hvordan f\u00e5r jeg udbetalt kompensationen, jeg her tjent?<\/b><br \/>Log ind p\u00e5 din personlige side ved at klikke p\u00e5 \u201dLog ind\u201d i menuen. Tryk p\u00e5 linket \u201dMin saldo\u201d og f\u00f8lg anvisningen, som vises p\u00e5 sk\u00e6rmen.<br \/><b>Mine penge overf\u00f8res ikke &#8211; hvorfor?<\/b><br \/> Det kan tage noget tid inden betalingen gennemf\u00f8res fra det tidspunkt, du v\u00e6lger at overf\u00f8re pengene fra din konto til din Unibet-konto eller Paypal-pung. Det kan skyldes andre betalinger, som venter p\u00e5 at blive gennemf\u00f8rt. Du kan dog hele tiden se status p\u00e5 din betaling p\u00e5 din personlige side. Afh\u00e6ngigt af dagen i m\u00e5neden, kan det tage op til en m\u00e5ned.<br \/><b>Hvor kan jeg anvende min indtjente kompensation?<\/b><br \/>Du kan v\u00e6lge at overf\u00f8re din kompensation til din Paypal-pung. Der oprettes automatisk en personlig Paypal-pung ved din f\u00f8rste overf\u00f8rsel, hvis du har Paypal som udbetalingsmulighed. Du kan handle p\u00e5 forskellige sider p\u00e5 Internettet med denne virtuelle pung og tilmed sk\u00e6nke penge til velg\u00f8rende form\u00e5l. For mere information, se <a href=\"https:\/\/www.paypal.com\/dk\">Paypals hjemmeside<\/a>.<div class=\"clear\"><\/div><\/div> <div class=\"accordion-title\">Anden udbetaling<span class=\"ac-indicator\"><\/span><\/div><div class=\"pane\"><b>Hvad er min saldo? Hvordan ser jeg, hvor mange penge jeg i alt har tjent?<\/b><br \/> Du kan kontrollere din saldo og din udbetalingshistorie ved at logge ind p\u00e5 din personlige side.<br \/><b>Hvor mange penge f\u00e5r jeg for en unders\u00f8gelse?<\/b><br \/>Kompensationen, du modtager for en unders\u00f8gelse, varierer og afh\u00e6nger af unders\u00f8gelsens l\u00e6ngde. Hvis du ikke passer ind i den gruppe, vi er p\u00e5 udkig efter til en unders\u00f8gelse, kan du stadig f\u00e5 kompensation for din tid.<br \/><b>Hvordan f\u00e5r jeg udbetalt kompensationen, jeg her tjent?<\/b><br \/>Log ind p\u00e5 din personlige side ved at klikke p\u00e5 \u201dLog ind\u201d i menuen. Tryk p\u00e5 linket \u201dMin saldo\u201d og f\u00f8lg anvisningen, som vises p\u00e5 sk\u00e6rmen.<br \/><b>Mine penge overf\u00f8res ikke &#8211; hvorfor?<\/b><br \/> Det kan tage noget tid inden betalingen gennemf\u00f8res fra det tidspunkt, du v\u00e6lger at overf\u00f8re pengene fra din konto til din Unibet-konto eller Paypal-pung. Det kan skyldes andre betalinger, som venter p\u00e5 at blive gennemf\u00f8rt. Du kan dog hele tiden se status p\u00e5 din betaling p\u00e5 din personlige side. Afh\u00e6ngigt af dagen i m\u00e5neden, kan det tage op til en m\u00e5ned.<br \/><b>Hvor kan jeg anvende min indtjente kompensation?<\/b><br \/>Du kan v\u00e6lge at overf\u00f8re din kompensation til din Paypal-pung. Der oprettes automatisk en personlig Paypal-pung ved din f\u00f8rste overf\u00f8rsel, hvis du har Paypal som udbetalingsmulighed. Du kan handle p\u00e5 forskellige sider p\u00e5 Internettet med denne virtuelle pung og tilmed sk\u00e6nke penge til velg\u00f8rende form\u00e5l. For mere information, se <a href=\"https:\/\/www.paypal.com\/dk\">Paypals hjemmeside<\/a>.<div class=\"clear\"><\/div><\/div> <\/div>\n<p><strong>Unders\u00f8gelser<\/strong><\/p>\n<div class=\"accordion-container accordion-all-closed\"><div class=\"accordion-title\">Alternativ f\u00f6r utbetalningar<span class=\"ac-indicator\"><\/span><\/div><div class=\"pane\"><b>Hvor mange unders\u00f8gelser sender I til mig?<\/b><br \/>Antallet af unders\u00f8gelser, som blive sendt til dig, varierer afh\u00e6ngigt af, hvem du er og hvilke indstillinger du har foretaget p\u00e5 din konto. Mange unders\u00f8gelser er kun beregnet til en bestemt m\u00e5lgruppe. De fleste panelister kan deltage i en til to unders\u00f8gelser om m\u00e5neden. P\u00e5 din personlige side kan du v\u00e6lge, hvor ofte du \u00f8nsker at modtage unders\u00f8gelser.<br \/><b>Hvordan besvare jeg unders\u00f8gelserne?<\/b><br \/>Du f\u00e5r en invitation til en unders\u00f8gelse via din e-mail. Du finder et link i e-mailen, som du skal klikke p\u00e5 for at komme til unders\u00f8gelsen. Unders\u00f8gelsen \u00e5bnes i et s\u00e6rskilt vindue og du kan begynde og afslutte den, n\u00e5r du har tid.<br \/><b>N\u00e5r jeg klikker p\u00e5 linket, st\u00e5r der, at unders\u00f8gelsen er lukket\/afsluttet. Hvad betyder det?<\/b><br \/>Vi ved af erfaring at ikke alle har tid eller mulighed for at besvare de unders\u00f8gelser, som vi sender ud. M\u00e5ske er nogle p\u00e5 ferie og kan ikke reagere p\u00e5 vores unders\u00f8gelse. Derfor sendes unders\u00f8gelserne ud til mange medlemmer og afsluttes, n\u00e5r det \u00f8nskede antal svar er modtaget. Derfor kan unders\u00f8gelserne ikke besvares af flere panelister. N\u00e5r du modtager denne besked er det fordi vi allerede har modtaget de svar, vi s\u00f8ger. Det h\u00f8rer dog til undtagelsen, at en unders\u00f8gelse er afsluttet, n\u00e5r man klikker p\u00e5 linket.<br \/><b>Hvorfor kan jeg somme tider ikke besvare mere end et par sp\u00f8rgsm\u00e5l? Hvad er screenout?<\/b><br \/>Nogle unders\u00f8gelser er kun rettet mod en bestemt gruppe af mennesker, f.eks. venstreh\u00e5ndet personer. Derfor indledes unders\u00f8gelsen med en r\u00e6kke sp\u00f8rgsm\u00e5l for at se, om du passer til unders\u00f8gelsens profil, de s\u00e5kaldte screenout-sp\u00f8rgsm\u00e5l. Hvis du ikke h\u00f8rer til m\u00e5lgruppe, afsluttes unders\u00f8gelsen.<div class=\"clear\"><\/div><\/div> <div class=\"accordion-title\">Besvarelse af unders\u00f8gelser<span class=\"ac-indicator\"><\/span><\/div><div class=\"pane\"><b>Hvor mange unders\u00f8gelser sender I til mig?<\/b><br \/>Antallet af unders\u00f8gelser, som blive sendt til dig, varierer afh\u00e6ngigt af, hvem du er og hvilke indstillinger du har foretaget p\u00e5 din konto. Mange unders\u00f8gelser er kun beregnet til en bestemt m\u00e5lgruppe. De fleste panelister kan deltage i en til to unders\u00f8gelser om m\u00e5neden. P\u00e5 din personlige side kan du v\u00e6lge, hvor ofte du \u00f8nsker at modtage unders\u00f8gelser.<br \/><b>Hvordan besvare jeg unders\u00f8gelserne?<\/b><br \/>Du f\u00e5r en invitation til en unders\u00f8gelse via din e-mail. Du finder et link i e-mailen, som du skal klikke p\u00e5 for at komme til unders\u00f8gelsen. Unders\u00f8gelsen \u00e5bnes i et s\u00e6rskilt vindue og du kan begynde og afslutte den, n\u00e5r du har tid.<br \/><b>N\u00e5r jeg klikker p\u00e5 linket, st\u00e5r der, at unders\u00f8gelsen er lukket\/afsluttet. Hvad betyder det?<\/b><br \/>Vi ved af erfaring at ikke alle har tid eller mulighed for at besvare de unders\u00f8gelser, som vi sender ud. M\u00e5ske er nogle p\u00e5 ferie og kan ikke reagere p\u00e5 vores unders\u00f8gelse. Derfor sendes unders\u00f8gelserne ud til mange medlemmer og afsluttes, n\u00e5r det \u00f8nskede antal svar er modtaget. Derfor kan unders\u00f8gelserne ikke besvares af flere panelister. N\u00e5r du modtager denne besked er det fordi vi allerede har modtaget de svar, vi s\u00f8ger. Det h\u00f8rer dog til undtagelsen, at en unders\u00f8gelse er afsluttet, n\u00e5r man klikker p\u00e5 linket.<br \/><b>Hvorfor kan jeg somme tider ikke besvare mere end et par sp\u00f8rgsm\u00e5l? Hvad er screenout?<\/b><br \/>Nogle unders\u00f8gelser er kun rettet mod en bestemt gruppe af mennesker, f.eks. venstreh\u00e5ndet personer. Derfor indledes unders\u00f8gelsen med en r\u00e6kke sp\u00f8rgsm\u00e5l for at se, om du passer til unders\u00f8gelsens profil, de s\u00e5kaldte screenout-sp\u00f8rgsm\u00e5l. Hvis du ikke h\u00f8rer til m\u00e5lgruppe, afsluttes unders\u00f8gelsen.<div class=\"clear\"><\/div><\/div> <div class=\"accordion-title\">Afslutte\/lukke unders\u00f8gelser<span class=\"ac-indicator\"><\/span><\/div><div class=\"pane\"><b>Hvor mange unders\u00f8gelser sender I til mig?<\/b><br \/>Antallet af unders\u00f8gelser, som blive sendt til dig, varierer afh\u00e6ngigt af, hvem du er og hvilke indstillinger du har foretaget p\u00e5 din konto. Mange unders\u00f8gelser er kun beregnet til en bestemt m\u00e5lgruppe. De fleste panelister kan deltage i en til to unders\u00f8gelser om m\u00e5neden. P\u00e5 din personlige side kan du v\u00e6lge, hvor ofte du \u00f8nsker at modtage unders\u00f8gelser.<br \/><b>Hvordan besvare jeg unders\u00f8gelserne?<\/b><br \/>Du f\u00e5r en invitation til en unders\u00f8gelse via din e-mail. Du finder et link i e-mailen, som du skal klikke p\u00e5 for at komme til unders\u00f8gelsen. Unders\u00f8gelsen \u00e5bnes i et s\u00e6rskilt vindue og du kan begynde og afslutte den, n\u00e5r du har tid.<br \/><b>N\u00e5r jeg klikker p\u00e5 linket, st\u00e5r der, at unders\u00f8gelsen er lukket\/afsluttet. Hvad betyder det?<\/b><br \/>Vi ved af erfaring at ikke alle har tid eller mulighed for at besvare de unders\u00f8gelser, som vi sender ud. M\u00e5ske er nogle p\u00e5 ferie og kan ikke reagere p\u00e5 vores unders\u00f8gelse. Derfor sendes unders\u00f8gelserne ud til mange medlemmer og afsluttes, n\u00e5r det \u00f8nskede antal svar er modtaget. Derfor kan unders\u00f8gelserne ikke besvares af flere panelister. N\u00e5r du modtager denne besked er det fordi vi allerede har modtaget de svar, vi s\u00f8ger. Det h\u00f8rer dog til undtagelsen, at en unders\u00f8gelse er afsluttet, n\u00e5r man klikker p\u00e5 linket.<br \/><b>Hvorfor kan jeg somme tider ikke besvare mere end et par sp\u00f8rgsm\u00e5l? Hvad er screenout?<\/b><br \/>Nogle unders\u00f8gelser er kun rettet mod en bestemt gruppe af mennesker, f.eks. venstreh\u00e5ndet personer. Derfor indledes unders\u00f8gelsen med en r\u00e6kke sp\u00f8rgsm\u00e5l for at se, om du passer til unders\u00f8gelsens profil, de s\u00e5kaldte screenout-sp\u00f8rgsm\u00e5l. Hvis du ikke h\u00f8rer til m\u00e5lgruppe, afsluttes unders\u00f8gelsen.<div class=\"clear\"><\/div><\/div> <div class=\"accordion-title\">Mere om screenout<span class=\"ac-indicator\"><\/span><\/div><div class=\"pane\"><b>Hvor mange unders\u00f8gelser sender I til mig?<\/b><br \/>Antallet af unders\u00f8gelser, som blive sendt til dig, varierer afh\u00e6ngigt af, hvem du er og hvilke indstillinger du har foretaget p\u00e5 din konto. Mange unders\u00f8gelser er kun beregnet til en bestemt m\u00e5lgruppe. De fleste panelister kan deltage i en til to unders\u00f8gelser om m\u00e5neden. P\u00e5 din personlige side kan du v\u00e6lge, hvor ofte du \u00f8nsker at modtage unders\u00f8gelser.<br \/><b>Hvordan besvare jeg unders\u00f8gelserne?<\/b><br \/>Du f\u00e5r en invitation til en unders\u00f8gelse via din e-mail. Du finder et link i e-mailen, som du skal klikke p\u00e5 for at komme til unders\u00f8gelsen. Unders\u00f8gelsen \u00e5bnes i et s\u00e6rskilt vindue og du kan begynde og afslutte den, n\u00e5r du har tid.<br \/><b>N\u00e5r jeg klikker p\u00e5 linket, st\u00e5r der, at unders\u00f8gelsen er lukket\/afsluttet. Hvad betyder det?<\/b><br \/>Vi ved af erfaring at ikke alle har tid eller mulighed for at besvare de unders\u00f8gelser, som vi sender ud. M\u00e5ske er nogle p\u00e5 ferie og kan ikke reagere p\u00e5 vores unders\u00f8gelse. Derfor sendes unders\u00f8gelserne ud til mange medlemmer og afsluttes, n\u00e5r det \u00f8nskede antal svar er modtaget. Derfor kan unders\u00f8gelserne ikke besvares af flere panelister. N\u00e5r du modtager denne besked er det fordi vi allerede har modtaget de svar, vi s\u00f8ger. Det h\u00f8rer dog til undtagelsen, at en unders\u00f8gelse er afsluttet, n\u00e5r man klikker p\u00e5 linket.<br \/><b>Hvorfor kan jeg somme tider ikke besvare mere end et par sp\u00f8rgsm\u00e5l? Hvad er screenout?<\/b><br \/>Nogle unders\u00f8gelser er kun rettet mod en bestemt gruppe af mennesker, f.eks. venstreh\u00e5ndet personer. Derfor indledes unders\u00f8gelsen med en r\u00e6kke sp\u00f8rgsm\u00e5l for at se, om du passer til unders\u00f8gelsens profil, de s\u00e5kaldte screenout-sp\u00f8rgsm\u00e5l. Hvis du ikke h\u00f8rer til m\u00e5lgruppe, afsluttes unders\u00f8gelsen.<div class=\"clear\"><\/div><\/div> <div class=\"accordion-title\">Fortrolighed vedr. svar og personoplysninger<span class=\"ac-indicator\"><\/span><\/div><div class=\"pane\"><b>Hvor mange unders\u00f8gelser sender I til mig?<\/b><br \/>Antallet af unders\u00f8gelser, som blive sendt til dig, varierer afh\u00e6ngigt af, hvem du er og hvilke indstillinger du har foretaget p\u00e5 din konto. Mange unders\u00f8gelser er kun beregnet til en bestemt m\u00e5lgruppe. De fleste panelister kan deltage i en til to unders\u00f8gelser om m\u00e5neden. P\u00e5 din personlige side kan du v\u00e6lge, hvor ofte du \u00f8nsker at modtage unders\u00f8gelser.<br \/><b>Hvordan besvare jeg unders\u00f8gelserne?<\/b><br \/>Du f\u00e5r en invitation til en unders\u00f8gelse via din e-mail. Du finder et link i e-mailen, som du skal klikke p\u00e5 for at komme til unders\u00f8gelsen. Unders\u00f8gelsen \u00e5bnes i et s\u00e6rskilt vindue og du kan begynde og afslutte den, n\u00e5r du har tid.<br \/><b>N\u00e5r jeg klikker p\u00e5 linket, st\u00e5r der, at unders\u00f8gelsen er lukket\/afsluttet. Hvad betyder det?<\/b><br \/>Vi ved af erfaring at ikke alle har tid eller mulighed for at besvare de unders\u00f8gelser, som vi sender ud. M\u00e5ske er nogle p\u00e5 ferie og kan ikke reagere p\u00e5 vores unders\u00f8gelse. Derfor sendes unders\u00f8gelserne ud til mange medlemmer og afsluttes, n\u00e5r det \u00f8nskede antal svar er modtaget. Derfor kan unders\u00f8gelserne ikke besvares af flere panelister. N\u00e5r du modtager denne besked er det fordi vi allerede har modtaget de svar, vi s\u00f8ger. Det h\u00f8rer dog til undtagelsen, at en unders\u00f8gelse er afsluttet, n\u00e5r man klikker p\u00e5 linket.<br \/><b>Hvorfor kan jeg somme tider ikke besvare mere end et par sp\u00f8rgsm\u00e5l? Hvad er screenout?<\/b><br \/>Nogle unders\u00f8gelser er kun rettet mod en bestemt gruppe af mennesker, f.eks. venstreh\u00e5ndet personer. Derfor indledes unders\u00f8gelsen med en r\u00e6kke sp\u00f8rgsm\u00e5l for at se, om du passer til unders\u00f8gelsens profil, de s\u00e5kaldte screenout-sp\u00f8rgsm\u00e5l. Hvis du ikke h\u00f8rer til m\u00e5lgruppe, afsluttes unders\u00f8gelsen.<div class=\"clear\"><\/div><\/div><\/div>\n","protected":false},"excerpt":{"rendered":"<p>Fr\u00e5gor och svar H\u00e4r hittar du svaren p\u00e5 de vanligaste fr\u00e5gorna som st\u00e4lls av v\u00e5ra panelmedlemmar. Hittar du inte svaret [&hellip;]<\/p>\n","protected":false},"author":1,"featured_media":0,"parent":0,"menu_order":0,"comment_status":"closed","ping_status":"closed","template":"","meta":{"footnotes":""},"class_list":["post-225","page","type-page","status-publish","hentry"],"_links":{"self":[{"href":"https:\/\/nordicpanel.com\/denmark\/wp-json\/wp\/v2\/pages\/225"}],"collection":[{"href":"https:\/\/nordicpanel.com\/denmark\/wp-json\/wp\/v2\/pages"}],"about":[{"href":"https:\/\/nordicpanel.com\/denmark\/wp-json\/wp\/v2\/types\/page"}],"author":[{"embeddable":true,"href":"https:\/\/nordicpanel.com\/denmark\/wp-json\/wp\/v2\/users\/1"}],"replies":[{"embeddable":true,"href":"https:\/\/nordicpanel.com\/denmark\/wp-json\/wp\/v2\/comments?post=225"}],"version-history":[{"count":4,"href":"https:\/\/nordicpanel.com\/denmark\/wp-json\/wp\/v2\/pages\/225\/revisions"}],"predecessor-version":[{"id":505,"href":"https:\/\/nordicpanel.com\/denmark\/wp-json\/wp\/v2\/pages\/225\/revisions\/505"}],"wp:attachment":[{"href":"https:\/\/nordicpanel.com\/denmark\/wp-json\/wp\/v2\/media?parent=225"}],"curies":[{"name":"wp","href":"https:\/\/api.w.org\/{rel}","templated":true}]}}