{"id":222,"date":"2016-03-10T13:23:10","date_gmt":"2016-03-10T13:23:10","guid":{"rendered":"http:\/\/musikpanelen.panelpreviews.com\/?page_id=222"},"modified":"2021-06-09T17:05:14","modified_gmt":"2021-06-09T17:05:14","slug":"money","status":"publish","type":"page","link":"https:\/\/nordicpanel.com\/denmark\/money\/","title":{"rendered":"Kompensation"},"content":{"rendered":"<h2 class=\"page-heading\">Kompensation<\/h2>\n<p>Kompensationen, som du modtager for en unders\u00f8gelse, varierer i forhold til unders\u00f8gelsens l\u00e6ngde. Normalt tager en gennemsnitlig unders\u00f8gelse 5-10 minutter. Denne kompensation vokser med antallet af unders\u00f8gelser, som du deltager i. Du kan f\u00e5 din f\u00f8rste udbetaling, n\u00e5r din saldo overstiger 50 DKK. Du kan n\u00e5r som helst logge ind p\u00e5 din konto og kontrollere din saldo. Kompensationen er for os en m\u00e5de at takke dig for, at du engagere dig i panelet og de sp\u00f8rgsm\u00e5l vi stiller dig.<\/p>\n","protected":false},"excerpt":{"rendered":"<p>Kompensation Kompensationen, som du modtager for en unders\u00f8gelse, varierer i forhold til unders\u00f8gelsens l\u00e6ngde. Normalt tager en gennemsnitlig unders\u00f8gelse 5-10 [&hellip;]<\/p>\n","protected":false},"author":1,"featured_media":0,"parent":0,"menu_order":0,"comment_status":"closed","ping_status":"closed","template":"","meta":{"footnotes":""},"class_list":["post-222","page","type-page","status-publish","hentry"],"_links":{"self":[{"href":"https:\/\/nordicpanel.com\/denmark\/wp-json\/wp\/v2\/pages\/222"}],"collection":[{"href":"https:\/\/nordicpanel.com\/denmark\/wp-json\/wp\/v2\/pages"}],"about":[{"href":"https:\/\/nordicpanel.com\/denmark\/wp-json\/wp\/v2\/types\/page"}],"author":[{"embeddable":true,"href":"https:\/\/nordicpanel.com\/denmark\/wp-json\/wp\/v2\/users\/1"}],"replies":[{"embeddable":true,"href":"https:\/\/nordicpanel.com\/denmark\/wp-json\/wp\/v2\/comments?post=222"}],"version-history":[{"count":2,"href":"https:\/\/nordicpanel.com\/denmark\/wp-json\/wp\/v2\/pages\/222\/revisions"}],"predecessor-version":[{"id":515,"href":"https:\/\/nordicpanel.com\/denmark\/wp-json\/wp\/v2\/pages\/222\/revisions\/515"}],"wp:attachment":[{"href":"https:\/\/nordicpanel.com\/denmark\/wp-json\/wp\/v2\/media?parent=222"}],"curies":[{"name":"wp","href":"https:\/\/api.w.org\/{rel}","templated":true}]}}