{"id":213,"date":"2016-03-10T12:56:44","date_gmt":"2016-03-10T12:56:44","guid":{"rendered":"http:\/\/musikpanelen.panelpreviews.com\/?page_id=213"},"modified":"2021-06-04T15:07:54","modified_gmt":"2021-06-04T15:07:54","slug":"om-os","status":"publish","type":"page","link":"https:\/\/nordicpanel.com\/denmark\/om-os\/","title":{"rendered":"Om Os"},"content":{"rendered":"<h2 class=\"page-heading\">INFORMATION &#038; KONTAKT<\/h2>\n<p>Nordic Panel blev startet 2010. Panelet er opbygget af markedsanalysevirksomheden Nepa, som er ansvarlig for driften af panelet. Form\u00e5let med Nordic Panel er at unders\u00f8ge den danske befolknings holdning til forskellige emner. Du kan finde mere information om Nepa p\u00e5 <a href=\"www.nepa.com\">www.nepa.com<\/a><\/p>\n<p>Har du sp\u00f8rgsm\u00e5l? L\u00e6s venligst Sp\u00f8rgsm\u00e5l &#038; Svar. Finder du ikke svaret, kan du e-maile os p\u00e5 <a href=\"mailto:info@nordicpanel.com\">info@nordicpanel.com<\/a>.<br \/>\nVi hj\u00e6lper dig gerne!<\/p>\n","protected":false},"excerpt":{"rendered":"<p>INFORMATION &#038; KONTAKT Nordic Panel blev startet 2010. Panelet er opbygget af markedsanalysevirksomheden Nepa, som er ansvarlig for driften af [&hellip;]<\/p>\n","protected":false},"author":1,"featured_media":0,"parent":0,"menu_order":0,"comment_status":"closed","ping_status":"closed","template":"","meta":{"footnotes":""},"class_list":["post-213","page","type-page","status-publish","hentry"],"_links":{"self":[{"href":"https:\/\/nordicpanel.com\/denmark\/wp-json\/wp\/v2\/pages\/213"}],"collection":[{"href":"https:\/\/nordicpanel.com\/denmark\/wp-json\/wp\/v2\/pages"}],"about":[{"href":"https:\/\/nordicpanel.com\/denmark\/wp-json\/wp\/v2\/types\/page"}],"author":[{"embeddable":true,"href":"https:\/\/nordicpanel.com\/denmark\/wp-json\/wp\/v2\/users\/1"}],"replies":[{"embeddable":true,"href":"https:\/\/nordicpanel.com\/denmark\/wp-json\/wp\/v2\/comments?post=213"}],"version-history":[{"count":3,"href":"https:\/\/nordicpanel.com\/denmark\/wp-json\/wp\/v2\/pages\/213\/revisions"}],"predecessor-version":[{"id":499,"href":"https:\/\/nordicpanel.com\/denmark\/wp-json\/wp\/v2\/pages\/213\/revisions\/499"}],"wp:attachment":[{"href":"https:\/\/nordicpanel.com\/denmark\/wp-json\/wp\/v2\/media?parent=213"}],"curies":[{"name":"wp","href":"https:\/\/api.w.org\/{rel}","templated":true}]}}